{"id":2869,"date":"2018-03-01T12:44:41","date_gmt":"2018-03-01T11:44:41","guid":{"rendered":"http:\/\/www.gosat-africa.com\/?page_id=2869"},"modified":"2022-10-10T10:34:11","modified_gmt":"2022-10-10T07:34:11","slug":"special-offers-satellite-internet","status":"publish","type":"page","link":"https:\/\/www.gosat-africa.com\/index.php\/special-offers-satellite-internet\/","title":{"rendered":"Our Special Offers"},"content":{"rendered":"<p>[vc_row][vc_column extend=&#8221;false&#8221;][vc_column_text]<\/p>\n<h3 style=\"text-align: center;\"><a href=\"https:\/\/www.gosat-africa.com\/index.php\/offres-speciales-internet-satellite\/?lang=fr\">Vous parlez fran\u00e7ais ? Pas de soucis, cliquez ici pour acc\u00e9der \u00e0 la page en fran\u00e7ais<\/a> !<\/h3>\n<p>[\/vc_column_text][\/vc_column][\/vc_row][vc_row][vc_column extend=&#8221;false&#8221;][vc_zigzag][\/vc_column][\/vc_row][vc_row][vc_column extend=&#8221;false&#8221;][vc_single_image image=&#8221;490765&#8243; img_size=&#8221;full&#8221; alignment=&#8221;center&#8221; img_link_target=&#8221;_blank&#8221; link=&#8221;http:\/\/gosat-africa.com\/index.php\/contact\/&#8221; onclick=&#8221;custom_link&#8221;][\/vc_column][\/vc_row][vc_row][vc_column extend=&#8221;false&#8221;][vc_single_image image=&#8221;3807&#8243; img_size=&#8221;full&#8221; alignment=&#8221;center&#8221; img_link_target=&#8221;_blank&#8221; link=&#8221;http:\/\/gosat-africa.com\/index.php\/contact\/&#8221; onclick=&#8221;custom_link&#8221;][\/vc_column][\/vc_row][vc_row][vc_column extend=&#8221;false&#8221;][pt_ext__empty_space margin_lg=&#8221;25&#8243; margin_md=&#8221;25&#8243; margin_sm=&#8221;25&#8243; margin_xs=&#8221;25&#8243; el_class=&#8221;&#8221; version=&#8221;1&#8243;][vc_zigzag][\/vc_column][\/vc_row][vc_row][vc_column extend=&#8221;false&#8221;][pt_ext__empty_space margin_lg=&#8221;25&#8243; margin_md=&#8221;25&#8243; margin_sm=&#8221;25&#8243; margin_xs=&#8221;25&#8243; el_class=&#8221;&#8221; version=&#8221;1&#8243;][\/vc_column][\/vc_row][vc_row][vc_column extend=&#8221;false&#8221;][vc_single_image image=&#8221;3809&#8243; img_size=&#8221;full&#8221; alignment=&#8221;center&#8221; img_link_target=&#8221;_blank&#8221; link=&#8221;http:\/\/gosat-africa.com\/index.php\/contact\/&#8221; onclick=&#8221;custom_link&#8221;][\/vc_column][\/vc_row]<\/p>\n","protected":false},"excerpt":{"rendered":"<p>[vc_row][vc_column extend=&#8221;false&#8221;][vc_column_text] Vous parlez fran\u00e7ais ? Pas de soucis, cliquez ici pour acc\u00e9der \u00e0 la page en fran\u00e7ais ! [\/vc_column_text][\/vc_column][\/vc_row][vc_row][vc_column extend=&#8221;false&#8221;][vc_zigzag][\/vc_column][\/vc_row][vc_row][vc_column extend=&#8221;false&#8221;][vc_single_image image=&#8221;490765&#8243; img_size=&#8221;full&#8221; alignment=&#8221;center&#8221; img_link_target=&#8221;_blank&#8221; link=&#8221;http:\/\/gosat-africa.com\/index.php\/contact\/&#8221; onclick=&#8221;custom_link&#8221;][\/vc_column][\/vc_row][vc_row][vc_column extend=&#8221;false&#8221;][vc_single_image image=&#8221;3807&#8243; img_size=&#8221;full&#8221; alignment=&#8221;center&#8221; img_link_target=&#8221;_blank&#8221; link=&#8221;http:\/\/gosat-africa.com\/index.php\/contact\/&#8221; onclick=&#8221;custom_link&#8221;][\/vc_column][\/vc_row][vc_row][vc_column extend=&#8221;false&#8221;][pt_ext__empty_space margin_lg=&#8221;25&#8243; margin_md=&#8221;25&#8243; margin_sm=&#8221;25&#8243; margin_xs=&#8221;25&#8243; el_class=&#8221;&#8221; version=&#8221;1&#8243;][vc_zigzag][\/vc_column][\/vc_row][vc_row][vc_column extend=&#8221;false&#8221;][pt_ext__empty_space margin_lg=&#8221;25&#8243; margin_md=&#8221;25&#8243; margin_sm=&#8221;25&#8243; margin_xs=&#8221;25&#8243; el_class=&#8221;&#8221; version=&#8221;1&#8243;][\/vc_column][\/vc_row][vc_row][vc_column extend=&#8221;false&#8221;][vc_single_image image=&#8221;3809&#8243; img_size=&#8221;full&#8221; alignment=&#8221;center&#8221; img_link_target=&#8221;_blank&#8221; link=&#8221;http:\/\/gosat-africa.com\/index.php\/contact\/&#8221; [&hellip;]<\/p>\n","protected":false},"author":2,"featured_media":0,"parent":0,"menu_order":0,"comment_status":"closed","ping_status":"closed","template":"","meta":[],"yoast_head":"<!-- This site is optimized with the Yoast SEO plugin v15.2 - https:\/\/yoast.com\/wordpress\/plugins\/seo\/ -->\n<title>Our Special Offers - Discover all our promotions<\/title>\n<meta name=\"description\" content=\"Gosat packages at a discount, broadband at a lower cost. Eh yes! internet connection for all! So do not waste a second and subscribe to our satellite Internet offers now!\" \/>\n<meta name=\"robots\" content=\"index, follow, max-snippet:-1, max-image-preview:large, max-video-preview:-1\" \/>\n<link rel=\"canonical\" href=\"https:\/\/www.gosat-africa.com\/index.php\/special-offers-satellite-internet\/\" \/>\n<meta property=\"og:locale\" content=\"en_US\" \/>\n<meta property=\"og:type\" content=\"article\" \/>\n<meta property=\"og:title\" content=\"Our Special Offers - Discover all our promotions\" \/>\n<meta property=\"og:description\" content=\"Gosat packages at a discount, broadband at a lower cost. Eh yes! internet connection for all! So do not waste a second and subscribe to our satellite Internet offers now!\" \/>\n<meta property=\"og:url\" content=\"https:\/\/www.gosat-africa.com\/index.php\/special-offers-satellite-internet\/\" \/>\n<meta property=\"og:site_name\" content=\"GoSat\" \/>\n<meta property=\"article:publisher\" content=\"https:\/\/www.facebook.com\/GosatCameroon\/\" \/>\n<meta property=\"article:modified_time\" content=\"2022-10-10T07:34:11+00:00\" \/>\n<meta name=\"twitter:card\" content=\"summary_large_image\" \/>\n<meta name=\"twitter:creator\" content=\"@gosatcameroon\" \/>\n<meta name=\"twitter:site\" content=\"@gosatcameroon\" \/>\n<meta name=\"twitter:label1\" value=\"Written by\">\n\t<meta name=\"twitter:data1\" value=\"Benjamin Thomas\">\n\t<meta name=\"twitter:label2\" value=\"Est. reading time\">\n\t<meta name=\"twitter:data2\" value=\"1 minute\">\n<script type=\"application\/ld+json\" class=\"yoast-schema-graph\">{\"@context\":\"https:\/\/schema.org\",\"@graph\":[{\"@type\":\"Organization\",\"@id\":\"http:\/\/www.gosat-africa.com\/#organization\",\"name\":\"GOSAT\",\"url\":\"http:\/\/www.gosat-africa.com\/\",\"sameAs\":[\"https:\/\/www.facebook.com\/GosatCameroon\/\",\"https:\/\/www.linkedin.com\/company\/afrikanet\/\",\"https:\/\/www.youtube.com\/channel\/UCmLC9kitSpujcbajdlF-xWw\",\"https:\/\/twitter.com\/gosatcameroon\"],\"logo\":{\"@type\":\"ImageObject\",\"@id\":\"http:\/\/www.gosat-africa.com\/#logo\",\"inLanguage\":\"en-US\",\"url\":\"https:\/\/www.gosat-africa.com\/wp-content\/uploads\/2018\/06\/logoGosat.png\",\"width\":261,\"height\":110,\"caption\":\"GOSAT\"},\"image\":{\"@id\":\"http:\/\/www.gosat-africa.com\/#logo\"}},{\"@type\":\"WebSite\",\"@id\":\"http:\/\/www.gosat-africa.com\/#website\",\"url\":\"http:\/\/www.gosat-africa.com\/\",\"name\":\"GoSat\",\"description\":\"Quality Internet Connection\",\"publisher\":{\"@id\":\"http:\/\/www.gosat-africa.com\/#organization\"},\"potentialAction\":[{\"@type\":\"SearchAction\",\"target\":\"http:\/\/www.gosat-africa.com\/?s={search_term_string}\",\"query-input\":\"required name=search_term_string\"}],\"inLanguage\":\"en-US\"},{\"@type\":\"WebPage\",\"@id\":\"https:\/\/www.gosat-africa.com\/index.php\/special-offers-satellite-internet\/#webpage\",\"url\":\"https:\/\/www.gosat-africa.com\/index.php\/special-offers-satellite-internet\/\",\"name\":\"Our Special Offers - Discover all our promotions\",\"isPartOf\":{\"@id\":\"http:\/\/www.gosat-africa.com\/#website\"},\"datePublished\":\"2018-03-01T11:44:41+00:00\",\"dateModified\":\"2022-10-10T07:34:11+00:00\",\"description\":\"Gosat packages at a discount, broadband at a lower cost. Eh yes! internet connection for all! So do not waste a second and subscribe to our satellite Internet offers now!\",\"breadcrumb\":{\"@id\":\"https:\/\/www.gosat-africa.com\/index.php\/special-offers-satellite-internet\/#breadcrumb\"},\"inLanguage\":\"en-US\",\"potentialAction\":[{\"@type\":\"ReadAction\",\"target\":[\"https:\/\/www.gosat-africa.com\/index.php\/special-offers-satellite-internet\/\"]}]},{\"@type\":\"BreadcrumbList\",\"@id\":\"https:\/\/www.gosat-africa.com\/index.php\/special-offers-satellite-internet\/#breadcrumb\",\"itemListElement\":[{\"@type\":\"ListItem\",\"position\":1,\"item\":{\"@type\":\"WebPage\",\"@id\":\"https:\/\/www.gosat-africa.com\/\",\"url\":\"https:\/\/www.gosat-africa.com\/\",\"name\":\"Home\"}},{\"@type\":\"ListItem\",\"position\":2,\"item\":{\"@type\":\"WebPage\",\"@id\":\"https:\/\/www.gosat-africa.com\/index.php\/special-offers-satellite-internet\/\",\"url\":\"https:\/\/www.gosat-africa.com\/index.php\/special-offers-satellite-internet\/\",\"name\":\"Our Special Offers\"}}]}]}<\/script>\n<!-- \/ Yoast SEO plugin. -->","_links":{"self":[{"href":"https:\/\/www.gosat-africa.com\/index.php\/wp-json\/wp\/v2\/pages\/2869"}],"collection":[{"href":"https:\/\/www.gosat-africa.com\/index.php\/wp-json\/wp\/v2\/pages"}],"about":[{"href":"https:\/\/www.gosat-africa.com\/index.php\/wp-json\/wp\/v2\/types\/page"}],"author":[{"embeddable":true,"href":"https:\/\/www.gosat-africa.com\/index.php\/wp-json\/wp\/v2\/users\/2"}],"replies":[{"embeddable":true,"href":"https:\/\/www.gosat-africa.com\/index.php\/wp-json\/wp\/v2\/comments?post=2869"}],"version-history":[{"count":4,"href":"https:\/\/www.gosat-africa.com\/index.php\/wp-json\/wp\/v2\/pages\/2869\/revisions"}],"predecessor-version":[{"id":490766,"href":"https:\/\/www.gosat-africa.com\/index.php\/wp-json\/wp\/v2\/pages\/2869\/revisions\/490766"}],"wp:attachment":[{"href":"https:\/\/www.gosat-africa.com\/index.php\/wp-json\/wp\/v2\/media?parent=2869"}],"curies":[{"name":"wp","href":"https:\/\/api.w.org\/{rel}","templated":true}]}}