{"id":3433,"date":"2018-08-23T12:52:45","date_gmt":"2018-08-23T10:52:45","guid":{"rendered":"https:\/\/www.gosat-africa.com\/?page_id=3433"},"modified":"2019-03-27T11:49:48","modified_gmt":"2019-03-27T10:49:48","slug":"services-internet-gosat","status":"publish","type":"page","link":"https:\/\/www.gosat-africa.com\/index.php\/services-internet-gosat\/","title":{"rendered":"Services Internet GoSat"},"content":{"rendered":"<p>[vc_row][vc_column extend=&#8221;false&#8221;][vc_raw_html]JTNDaDIlMjBzdHlsZSUzRCUyMnRleHQtYWxpZ24lM0ElMjBjZW50ZXIlM0IlMjBjb2xvciUzQSUyMG9yYW5nZSUzQiUyMiUzRUQlQzMlQTljb3V2cmV6LWVuJTIwcGx1cyUyMHN1ciUyMGxlcyUyMFNlcnZpY2VzJTIwSW50ZXJuZXQlMjBHb1NhdCUzQyUyRmgyJTNF[\/vc_raw_html][vc_column_text]GoSat vous fournit une <a href=\"https:\/\/www.gosat-africa.com\/index.php\/connexion-internet-par-satellite\/?lang=fr\">Connexion Internet par satellite de qualit\u00e9<\/a>. Mais cela ne s&#8217;arr\u00eate pas l\u00e0 !<\/p>\n<p>En effet, afin de r\u00e9pondre \u00e0 tous les besoins de nos clients, nous avons d\u00e9velopp\u00e9 toute une gamme de <a href=\"https:\/\/www.gosat-africa.com\/index.php\/services-internet-gosat\/?lang=fr\">Services Internet suppl\u00e9mentaires<\/a>. Ces services Internet sont con\u00e7us pour \u00eatre compl\u00e9mentaires \u00e0 votre <a href=\"https:\/\/www.gosat-africa.com\/index.php\/connexion-internet-par-satellite\/?lang=fr\">connexion Internet<\/a>, tant pour <a href=\"https:\/\/www.gosat-africa.com\/index.php\/connexion-internet-pour-particuliers\/?lang=fr\">les particuliers<\/a> que pour <a href=\"https:\/\/www.gosat-africa.com\/index.php\/connexion-internet-pour-professionnels\/?lang=fr\">les professionnels<\/a>.<\/p>\n<p>GoSat attache une grande importance \u00e0 la qualit\u00e9 de ses produits, ce qui vous garantit des services bas\u00e9s sur les derni\u00e8res technologies.<\/p>\n<p>Avec les Services Internet GoSat, vous profiterez encore plus et \u00e0 moindre co\u00fbt de votre <a href=\"https:\/\/www.gosat-africa.com\/index.php\/connexion-internet-par-satellite\/?lang=fr\">connexion Internet<\/a>!<\/p>\n<p>Des <a href=\"https:\/\/www.gosat-africa.com\/index.php\/la-box-gosat\/?lang=fr\">\u00e9quipements de r\u00e9ception satellite<\/a> aux <a href=\"https:\/\/www.gosat-africa.com\/index.php\/connexion-internet-par-satellite-en-wifi\/?lang=fr\">solutions WiFi<\/a>, en passant par <a href=\"https:\/\/www.gosat-africa.com\/index.php\/installation-equipement-satellite\/?lang=fr\">l&#8217;installation<\/a> et la <a href=\"https:\/\/www.gosat-africa.com\/index.php\/cyber-securite-pour-connexion-internet\/?lang=fr\">cybers\u00e9curit\u00e9<\/a>, d\u00e9couvrez tous les Services Internet GoSat qui vous faciliteront la vie ![\/vc_column_text][vc_zigzag color=&#8221;custom&#8221; custom_color=&#8221;#5a9bd5&#8243;][\/vc_column][\/vc_row][vc_row][vc_column extend=&#8221;false&#8221;][vc_column_text]<\/p>\n<h3 style=\"text-align: center; color: orange;\">La Box GoSat<\/h3>\n<p>[\/vc_column_text][vc_column_text]La Box GoSat comprend <strong>tous les \u00e9quipements<\/strong> n\u00e9cessaires \u00e0 <strong>l&#8217;installation<\/strong> et \u00e0 la <strong>r\u00e9ception<\/strong> du signal satellite.<\/p>\n<p>L&#8217;\u00e9quipement utilis\u00e9 est \u00e9videmment de <strong>haute technologie<\/strong>.<\/p>\n<p>Le fait de regrouper tout l&#8217;\u00e9quipement dans <strong>un seul pack<\/strong> r\u00e9duit les co\u00fbts de transport et le rend <strong>accessible \u00e0 tous les budgets<\/strong> ![\/vc_column_text][pt_ext__button button_text=&#8221;Voir la Box GoSat&#8221; icon=&#8221;&#8221; text__color=&#8221;rgb(255, 255, 255)&#8221; text__bg=&#8221;rgb(249, 135, 42)&#8221; text__border_color=&#8221;rgb(249, 135, 42)&#8221; text__color__hover=&#8221;rgba(255, 255, 255, 1)&#8221; text__bg__hover=&#8221;rgb(90, 155, 213)&#8221; text__border_color__hover=&#8221;rgb(90, 155, 213)&#8221; size=&#8221;normal&#8221; align=&#8221;center&#8221; border=&#8221;full-round&#8221; extra_shadow=&#8221;shadow&#8221; extra_gradient=&#8221;&#8221; extra_fullwidth=&#8221;&#8221; extra_show_icon_on_hover=&#8221;&#8221; extra_underline=&#8221;&#8221; extra_onclick=&#8221;&#8221; typo__button=&#8221;google&#8221; typo__button__font=&#8221;font_family:Montserrat%3Aregular%2C700|font_style:700%20regular%3A700%3Anormal&#8221; mediaquery_md=&#8221;&#8221; mediaquery_sm=&#8221;&#8221; mediaquery_xs=&#8221;&#8221; animation=&#8221;&#8221; settings__border_width=&#8221;&#8221; link=&#8221;url:https%3A%2F%2Fwww.gosat-africa.com%2Findex.php%2Fla-box-gosat%2F%3Flang%3Dfr|||&#8221; el_class=&#8221;&#8221; version=&#8221;1&#8243;][pt_ext__empty_space margin_lg=&#8221;50&#8243; margin_md=&#8221;50&#8243; margin_xs=&#8221;50&#8243;][vc_zigzag color=&#8221;custom&#8221; custom_color=&#8221;#5a9bd5&#8243;][\/vc_column][\/vc_row][vc_row][vc_column extend=&#8221;false&#8221;][vc_column_text]<\/p>\n<h3 style=\"text-align: center; color: orange;\">Installation de l&#8217;Equipement GoSat<\/h3>\n<p>[\/vc_column_text][vc_column_text]Vous avez choisi d&#8217;acc\u00e9der \u00e0 <a href=\"https:\/\/www.gosat-africa.com\/index.php\/connexion-internet-par-satellite\/?lang=fr\">Internet haute-d\u00e9bit<\/a> via GoSat et vous avez achet\u00e9 votre Box GoSat ? F\u00e9licitations !<\/p>\n<p>Mais vous n&#8217;\u00eates pas s\u00fbr de savoir comment l&#8217;installer correctement ? Pas de probl\u00e8me !<\/p>\n<p>Les techniciens de GoSat se d\u00e9placent \u00e0 votre domicile pour <strong>installer tout l&#8217;\u00e9quipement<\/strong> et configurer la connexion Internet. Vous pouvez leur faire confiance, ce sont de v\u00e9ritables experts avec <strong>plus de 20 ans d&#8217;exp\u00e9rience<\/strong> chez <a href=\"https:\/\/afrikanet.com\/fr\/\">Afrikanet<\/a>!<\/p>\n<p>Si nos techniciens ne sont pas en mesure de vous rendre visite, nous vous mettrons en contact avec une<strong> entreprise partenaire<\/strong> qui s&#8217;en chargera. Ces entreprises sont rigoureusement s\u00e9lectionn\u00e9es pour la <strong>qualit\u00e9 de leur service<\/strong> et leur <strong>professionnalisme<\/strong>.<\/p>\n<p>Pour en savoir plus sur les pays o\u00f9 nous et nos partenaires sommes pr\u00e9sents, <a href=\"https:\/\/www.gosat-africa.com\/index.php\/carte-interactive-satellite-gosat\/?lang=fr\">cliquez ici<\/a>.[\/vc_column_text][pt_ext__button button_text=&#8221;Voir l&#8217;offre d&#8217;installation de l&#8217;\u00e9quipement GoSat&#8221; icon=&#8221;&#8221; text__color=&#8221;rgb(255, 255, 255)&#8221; text__bg=&#8221;rgb(249, 135, 42)&#8221; text__border_color=&#8221;rgb(249, 135, 42)&#8221; text__color__hover=&#8221;rgba(255, 255, 255, 1)&#8221; text__bg__hover=&#8221;rgb(90, 155, 213)&#8221; text__border_color__hover=&#8221;rgb(90, 155, 213)&#8221; size=&#8221;normal&#8221; align=&#8221;center&#8221; border=&#8221;full-round&#8221; extra_shadow=&#8221;shadow&#8221; extra_gradient=&#8221;&#8221; extra_fullwidth=&#8221;&#8221; extra_show_icon_on_hover=&#8221;&#8221; extra_underline=&#8221;&#8221; extra_onclick=&#8221;&#8221; typo__button=&#8221;google&#8221; typo__button__font=&#8221;font_family:Montserrat%3Aregular%2C700|font_style:700%20regular%3A700%3Anormal&#8221; mediaquery_md=&#8221;&#8221; mediaquery_sm=&#8221;&#8221; mediaquery_xs=&#8221;&#8221; animation=&#8221;&#8221; settings__border_width=&#8221;&#8221; link=&#8221;url:https%3A%2F%2Fwww.gosat-africa.com%2Findex.php%2Finstallation-equipement-satellite%2F%3Flang%3Dfr|||&#8221; el_class=&#8221;&#8221; version=&#8221;1&#8243;][pt_ext__empty_space margin_lg=&#8221;50&#8243; margin_md=&#8221;50&#8243; margin_xs=&#8221;50&#8243;][vc_zigzag color=&#8221;custom&#8221; custom_color=&#8221;#5a9bd5&#8243;][\/vc_column][\/vc_row][vc_row][vc_column extend=&#8221;false&#8221;][vc_column_text]<\/p>\n<h3 style=\"text-align: center; color: orange;\">GoSat Cyber S\u00e9curit\u00e9<\/h3>\n<p>[\/vc_column_text][vc_column_text]Votre <a href=\"https:\/\/www.gosat-africa.com\/index.php\/connexion-internet-par-satellite\/?lang=fr\">connexion Internet par satellite<\/a> est maintenant active.<\/p>\n<p>Vous voulez pouvoir naviguer sur Internet d&#8217;une mani\u00e8re qui <strong>respecte votre vie priv\u00e9e<\/strong> ?<\/p>\n<p>Chez GoSat, nous l&#8217;avons compris. C&#8217;est pourquoi nous sommes fiers de vous offrir nos diff\u00e9rents <strong>logiciels de cybers\u00e9curit\u00e9<\/strong>. D\u00e9cidez de votre niveau de protection sur le Web et utilisez <strong>Internet en toute s\u00e9curit\u00e9<\/strong> ![\/vc_column_text][pt_ext__button button_text=&#8221;Voir GoSat Cyber S\u00e9curit\u00e9&#8221; icon=&#8221;&#8221; text__color=&#8221;rgb(255, 255, 255)&#8221; text__bg=&#8221;rgb(249, 135, 42)&#8221; text__border_color=&#8221;rgb(249, 135, 42)&#8221; text__color__hover=&#8221;rgba(255, 255, 255, 1)&#8221; text__bg__hover=&#8221;rgb(90, 155, 213)&#8221; text__border_color__hover=&#8221;rgb(90, 155, 213)&#8221; size=&#8221;normal&#8221; align=&#8221;center&#8221; border=&#8221;full-round&#8221; extra_shadow=&#8221;shadow&#8221; extra_gradient=&#8221;&#8221; extra_fullwidth=&#8221;&#8221; extra_show_icon_on_hover=&#8221;&#8221; extra_underline=&#8221;&#8221; extra_onclick=&#8221;&#8221; typo__button=&#8221;google&#8221; typo__button__font=&#8221;font_family:Montserrat%3Aregular%2C700|font_style:700%20regular%3A700%3Anormal&#8221; mediaquery_md=&#8221;&#8221; mediaquery_sm=&#8221;&#8221; mediaquery_xs=&#8221;&#8221; animation=&#8221;&#8221; settings__border_width=&#8221;&#8221; link=&#8221;url:https%3A%2F%2Fwww.gosat-africa.com%2Findex.php%2Fcyber-securite-pour-connexion-internet%2F%3Flang%3Dfr|||&#8221; el_class=&#8221;&#8221; version=&#8221;1&#8243;][pt_ext__empty_space margin_lg=&#8221;50&#8243; margin_md=&#8221;50&#8243; margin_xs=&#8221;50&#8243;][vc_zigzag color=&#8221;custom&#8221; custom_color=&#8221;#5a9bd5&#8243;][\/vc_column][\/vc_row][vc_row][vc_column extend=&#8221;false&#8221;][vc_column_text]<\/p>\n<h3 style=\"text-align: center; color: orange;\">GoSat WiFi<\/h3>\n<p>[\/vc_column_text][vc_column_text]Votre connexion Internet est maintenant <strong>active<\/strong> et <strong>s\u00e9curis\u00e9e<\/strong> ? Tout est pour le mieux.<\/p>\n<p>Cependant, certains endroits de votre maison peuvent \u00eatre mal couverts par le r\u00e9seau WiFi. Internet est-il anormalement lent dans certaines pi\u00e8ces ?<\/p>\n<p>GoSat a la r\u00e9ponse \u00e0 ce probl\u00e8me ! Au lieu de multiplier les c\u00e2bles, GoSat vous propose une <strong>solution intelligente<\/strong> bas\u00e9e sur les lignes \u00e9lectriques existantes.<\/p>\n<p>D\u00e9couvrez rapidement notre <strong>solution WiFi<\/strong> et profitez de l&#8217;<strong>Internet haut-d\u00e9bit<\/strong> partout ![\/vc_column_text][pt_ext__button button_text=&#8221;Voir GoSat WiFi&#8221; icon=&#8221;&#8221; text__color=&#8221;rgb(255, 255, 255)&#8221; text__bg=&#8221;rgb(249, 135, 42)&#8221; text__border_color=&#8221;rgb(249, 135, 42)&#8221; text__color__hover=&#8221;rgba(255, 255, 255, 1)&#8221; text__bg__hover=&#8221;rgb(90, 155, 213)&#8221; text__border_color__hover=&#8221;rgb(90, 155, 213)&#8221; size=&#8221;normal&#8221; align=&#8221;center&#8221; border=&#8221;full-round&#8221; extra_shadow=&#8221;shadow&#8221; extra_gradient=&#8221;&#8221; extra_fullwidth=&#8221;&#8221; extra_show_icon_on_hover=&#8221;&#8221; extra_underline=&#8221;&#8221; extra_onclick=&#8221;&#8221; typo__button=&#8221;google&#8221; typo__button__font=&#8221;font_family:Montserrat%3Aregular%2C700|font_style:700%20regular%3A700%3Anormal&#8221; mediaquery_md=&#8221;&#8221; mediaquery_sm=&#8221;&#8221; mediaquery_xs=&#8221;&#8221; animation=&#8221;&#8221; settings__border_width=&#8221;&#8221; link=&#8221;url:https%3A%2F%2Fwww.gosat-africa.com%2Findex.php%2Fconnexion-internet-par-satellite-en-wifi%2F%3Flang%3Dfr|||&#8221; el_class=&#8221;&#8221; version=&#8221;1&#8243;][pt_ext__empty_space margin_lg=&#8221;50&#8243; margin_md=&#8221;50&#8243; margin_xs=&#8221;50&#8243;][vc_zigzag color=&#8221;custom&#8221; custom_color=&#8221;#5a9bd5&#8243;][\/vc_column][\/vc_row][vc_row][vc_column extend=&#8221;false&#8221;][vc_row_inner][vc_column_inner extend=&#8221;false&#8221; width=&#8221;1\/3&#8243;][vc_hoverbox image=&#8221;3709&#8243; primary_title=&#8221;Nos Offres Sp\u00e9ciales&#8221; hover_title=&#8221;Nos Offres Sp\u00e9ciales&#8221; el_width=&#8221;90&#8243; hover_btn_title=&#8221;Cliquez ici pour d\u00e9couvrir&#8221; hover_btn_color=&#8221;green&#8221; hover_add_button=&#8221;true&#8221; hover_btn_link=&#8221;url:https%3A%2F%2Fwww.gosat-africa.com%2Findex.php%2Foffres-speciales-internet-satellite%2F%3Flang%3Dfr|||&#8221;]Cliquez et d\u00e9couvrez nos offres sp\u00e9ciales Internet par satellite du moment adapt\u00e9es \u00e0 vos besoins.[\/vc_hoverbox][\/vc_column_inner][vc_column_inner extend=&#8221;false&#8221; width=&#8221;1\/3&#8243;][vc_hoverbox image=&#8221;3708&#8243; primary_title=&#8221;Forfaits de Connexion Internet par Satellite&#8221; hover_title=&#8221;Forfaits de Connexion Internet par Satellite&#8221; el_width=&#8221;90&#8243; hover_btn_title=&#8221;Cliquez ici pour d\u00e9couvrir&#8221; hover_btn_color=&#8221;green&#8221; hover_add_button=&#8221;true&#8221; hover_btn_link=&#8221;url:https%3A%2F%2Fwww.gosat-africa.com%2Findex.php%2Fconnexion-internet-par-satellite%2F%3Flang%3Dfr|||&#8221;]Cliquez et d\u00e9couvrez tous nos forfaits de connexion Internet par satellite, pour particuliers et professionnels, ainsi que nos Addons Internet.[\/vc_hoverbox][\/vc_column_inner][vc_column_inner extend=&#8221;false&#8221; width=&#8221;1\/3&#8243;][vc_hoverbox image=&#8221;3676&#8243; primary_title=&#8221;Couverture de GoSat et de nos partenaires&#8221; hover_title=&#8221;Couverture de GoSat et de nos partenaires&#8221; el_width=&#8221;90&#8243; hover_btn_title=&#8221;Cliquez ici pour d\u00e9couvrir&#8221; hover_btn_color=&#8221;green&#8221; hover_add_button=&#8221;true&#8221; hover_btn_link=&#8221;url:https%3A%2F%2Fwww.gosat-africa.com%2Findex.php%2Fcarte-interactive-satellite-gosat%2F%3Flang%3Dfr|||&#8221;]Cliquez et d\u00e9couvrez les pays o\u00f9 GoSat et ses partenaires sont implant\u00e9s[\/vc_hoverbox][\/vc_column_inner][\/vc_row_inner][pt_ext__empty_space margin_lg=&#8221;50&#8243; margin_md=&#8221;50&#8243; margin_xs=&#8221;50&#8243; el_class=&#8221;&#8221; version=&#8221;1&#8243;][\/vc_column][\/vc_row]<\/p>\n","protected":false},"excerpt":{"rendered":"<p>[vc_row][vc_column extend=&#8221;false&#8221;][vc_raw_html]JTNDaDIlMjBzdHlsZSUzRCUyMnRleHQtYWxpZ24lM0ElMjBjZW50ZXIlM0IlMjBjb2xvciUzQSUyMG9yYW5nZSUzQiUyMiUzRUQlQzMlQTljb3V2cmV6LWVuJTIwcGx1cyUyMHN1ciUyMGxlcyUyMFNlcnZpY2VzJTIwSW50ZXJuZXQlMjBHb1NhdCUzQyUyRmgyJTNF[\/vc_raw_html][vc_column_text]GoSat vous fournit une Connexion Internet par satellite de qualit\u00e9. Mais cela ne s&#8217;arr\u00eate pas l\u00e0 ! En effet, afin de r\u00e9pondre \u00e0 tous les besoins de nos clients, nous avons d\u00e9velopp\u00e9 toute une gamme de Services Internet suppl\u00e9mentaires. Ces services Internet sont con\u00e7us pour \u00eatre compl\u00e9mentaires \u00e0 votre connexion Internet, tant pour les [&hellip;]<\/p>\n","protected":false},"author":2,"featured_media":0,"parent":0,"menu_order":0,"comment_status":"closed","ping_status":"closed","template":"","meta":[],"yoast_head":"<!-- This site is optimized with the Yoast SEO plugin v15.2 - https:\/\/yoast.com\/wordpress\/plugins\/seo\/ -->\n<title>Services Internet GoSat - D\u00e9couvrez tous les Services Internet de GoSat<\/title>\n<meta name=\"description\" content=\"En plus d&#039;une connexion Internet par satellite, GoSat offre une large gamme de Services Internet pour que vous profitiez au maximum de votre connexion.\" \/>\n<meta name=\"robots\" content=\"index, follow, max-snippet:-1, max-image-preview:large, max-video-preview:-1\" \/>\n<link rel=\"canonical\" href=\"https:\/\/www.gosat-africa.com\/index.php\/services-internet-gosat\/\" \/>\n<meta property=\"og:locale\" content=\"en_US\" \/>\n<meta property=\"og:type\" content=\"article\" \/>\n<meta property=\"og:title\" content=\"Services Internet GoSat - D\u00e9couvrez tous les Services Internet de GoSat\" \/>\n<meta property=\"og:description\" content=\"En plus d&#039;une connexion Internet par satellite, GoSat offre une large gamme de Services Internet pour que vous profitiez au maximum de votre connexion.\" \/>\n<meta property=\"og:url\" content=\"https:\/\/www.gosat-africa.com\/index.php\/services-internet-gosat\/\" \/>\n<meta property=\"og:site_name\" content=\"GoSat\" \/>\n<meta property=\"article:publisher\" content=\"https:\/\/www.facebook.com\/GosatCameroon\/\" \/>\n<meta property=\"article:modified_time\" content=\"2019-03-27T10:49:48+00:00\" \/>\n<meta name=\"twitter:card\" content=\"summary_large_image\" \/>\n<meta name=\"twitter:creator\" content=\"@gosatcameroon\" \/>\n<meta name=\"twitter:site\" content=\"@gosatcameroon\" \/>\n<meta name=\"twitter:label1\" value=\"Written by\">\n\t<meta name=\"twitter:data1\" value=\"Benjamin Thomas\">\n\t<meta name=\"twitter:label2\" value=\"Est. reading time\">\n\t<meta name=\"twitter:data2\" value=\"5 minutes\">\n<script type=\"application\/ld+json\" class=\"yoast-schema-graph\">{\"@context\":\"https:\/\/schema.org\",\"@graph\":[{\"@type\":\"Organization\",\"@id\":\"http:\/\/www.gosat-africa.com\/#organization\",\"name\":\"GOSAT\",\"url\":\"http:\/\/www.gosat-africa.com\/\",\"sameAs\":[\"https:\/\/www.facebook.com\/GosatCameroon\/\",\"https:\/\/www.linkedin.com\/company\/afrikanet\/\",\"https:\/\/www.youtube.com\/channel\/UCmLC9kitSpujcbajdlF-xWw\",\"https:\/\/twitter.com\/gosatcameroon\"],\"logo\":{\"@type\":\"ImageObject\",\"@id\":\"http:\/\/www.gosat-africa.com\/#logo\",\"inLanguage\":\"en-US\",\"url\":\"https:\/\/www.gosat-africa.com\/wp-content\/uploads\/2018\/06\/logoGosat.png\",\"width\":261,\"height\":110,\"caption\":\"GOSAT\"},\"image\":{\"@id\":\"http:\/\/www.gosat-africa.com\/#logo\"}},{\"@type\":\"WebSite\",\"@id\":\"http:\/\/www.gosat-africa.com\/#website\",\"url\":\"http:\/\/www.gosat-africa.com\/\",\"name\":\"GoSat\",\"description\":\"Quality Internet Connection\",\"publisher\":{\"@id\":\"http:\/\/www.gosat-africa.com\/#organization\"},\"potentialAction\":[{\"@type\":\"SearchAction\",\"target\":\"http:\/\/www.gosat-africa.com\/?s={search_term_string}\",\"query-input\":\"required name=search_term_string\"}],\"inLanguage\":\"en-US\"},{\"@type\":\"WebPage\",\"@id\":\"https:\/\/www.gosat-africa.com\/index.php\/services-internet-gosat\/#webpage\",\"url\":\"https:\/\/www.gosat-africa.com\/index.php\/services-internet-gosat\/\",\"name\":\"Services Internet GoSat - D\\u00e9couvrez tous les Services Internet de GoSat\",\"isPartOf\":{\"@id\":\"http:\/\/www.gosat-africa.com\/#website\"},\"datePublished\":\"2018-08-23T10:52:45+00:00\",\"dateModified\":\"2019-03-27T10:49:48+00:00\",\"description\":\"En plus d'une connexion Internet par satellite, GoSat offre une large gamme de Services Internet pour que vous profitiez au maximum de votre connexion.\",\"breadcrumb\":{\"@id\":\"https:\/\/www.gosat-africa.com\/index.php\/services-internet-gosat\/#breadcrumb\"},\"inLanguage\":\"en-US\",\"potentialAction\":[{\"@type\":\"ReadAction\",\"target\":[\"https:\/\/www.gosat-africa.com\/index.php\/services-internet-gosat\/\"]}]},{\"@type\":\"BreadcrumbList\",\"@id\":\"https:\/\/www.gosat-africa.com\/index.php\/services-internet-gosat\/#breadcrumb\",\"itemListElement\":[{\"@type\":\"ListItem\",\"position\":1,\"item\":{\"@type\":\"WebPage\",\"@id\":\"https:\/\/www.gosat-africa.com\/\",\"url\":\"https:\/\/www.gosat-africa.com\/\",\"name\":\"Home\"}},{\"@type\":\"ListItem\",\"position\":2,\"item\":{\"@type\":\"WebPage\",\"@id\":\"https:\/\/www.gosat-africa.com\/index.php\/services-internet-gosat\/\",\"url\":\"https:\/\/www.gosat-africa.com\/index.php\/services-internet-gosat\/\",\"name\":\"Services Internet GoSat\"}}]}]}<\/script>\n<!-- \/ Yoast SEO plugin. -->","_links":{"self":[{"href":"https:\/\/www.gosat-africa.com\/index.php\/wp-json\/wp\/v2\/pages\/3433"}],"collection":[{"href":"https:\/\/www.gosat-africa.com\/index.php\/wp-json\/wp\/v2\/pages"}],"about":[{"href":"https:\/\/www.gosat-africa.com\/index.php\/wp-json\/wp\/v2\/types\/page"}],"author":[{"embeddable":true,"href":"https:\/\/www.gosat-africa.com\/index.php\/wp-json\/wp\/v2\/users\/2"}],"replies":[{"embeddable":true,"href":"https:\/\/www.gosat-africa.com\/index.php\/wp-json\/wp\/v2\/comments?post=3433"}],"version-history":[{"count":0,"href":"https:\/\/www.gosat-africa.com\/index.php\/wp-json\/wp\/v2\/pages\/3433\/revisions"}],"wp:attachment":[{"href":"https:\/\/www.gosat-africa.com\/index.php\/wp-json\/wp\/v2\/media?parent=3433"}],"curies":[{"name":"wp","href":"https:\/\/api.w.org\/{rel}","templated":true}]}}