{"id":3912,"date":"2019-03-11T11:46:01","date_gmt":"2019-03-11T10:46:01","guid":{"rendered":"https:\/\/www.gosat-africa.com\/?page_id=3912"},"modified":"2019-08-01T16:02:02","modified_gmt":"2019-08-01T14:02:02","slug":"addons-connexions-internet","status":"publish","type":"page","link":"https:\/\/www.gosat-africa.com\/index.php\/addons-connexions-internet\/","title":{"rendered":"Addons Connexions Internet"},"content":{"rendered":"<p>[vc_row][vc_column extend=&#8221;false&#8221;][vc_raw_html]JTNDaDIlMjBzdHlsZSUyMCUzRCUyMCUyMnRleHQtYWxpZ24lM0ElMjBjZW50ZXIlM0IlMjBjb2xvciUzQSUyMG9yYW5nZSUzQiUyMiUzRUQlQzMlQTl2b3V2cmV6JTIwbm9zJTIwQWRkb25zJTIwcG91ciUyMGxlcyUyMGNvbm5leGlvbnMlMjBpbnRlcm5ldCUyMCUzQyUyRmgyJTNFJTBBJTNDYnIlM0U=[\/vc_raw_html][\/vc_column][\/vc_row][vc_row][vc_column extend=&#8221;false&#8221;][vc_column_text]Les Addons de connexion Internet de Gosat, une innovation qui fait la diff\u00e9rence !<\/p>\n<p>Le mois n&#8217;est pas encore termin\u00e9 et vous n&#8217;avez presque plus de donn\u00e9es Internet ? Le risque de ne pas avoir acc\u00e8s au web pendant quelques jours, voire quelques semaines, devient r\u00e9el ?<\/p>\n<p>Ne vous en faites pas pour \u00e7a !<\/p>\n<p>GoSat vous propose d&#8217;acheter des donn\u00e9es suppl\u00e9mentaires : les Addons. L&#8217;addon peut \u00eatre utilis\u00e9 jusqu&#8217;\u00e0 trois mois apr\u00e8s sa premi\u00e8re activation et vous offre les performances maximales d&#8217;une <a href=\"https:\/\/www.gosat-africa.com\/index.php\/connexion-internet-par-satellite\/?lang=fr\">connexion Internet par satellite<\/a> !<\/p>\n<p>Pour acheter un addon rien de plus simple, connectez-vous \u00e0 <a href=\"https:\/\/mygosat.online\">l&#8217;application GoSat<\/a> et choisissez Recharger votre compte ![\/vc_column_text][pt_ext__empty_space margin_lg=&#8221;25&#8243; margin_md=&#8221;25&#8243; margin_sm=&#8221;25&#8243; margin_xs=&#8221;25&#8243; el_class=&#8221;&#8221; version=&#8221;1&#8243;][vc_zigzag color=&#8221;custom&#8221; custom_color=&#8221;#5a9bd5&#8243;][\/vc_column][\/vc_row][vc_row][vc_column extend=&#8221;false&#8221;][pt_ext__pricing_tables appearance=&#8221;table1&#8243; tables=&#8221;%5B%7B%22featured_label%22%3A%22MOST%20POPULAR!%22%2C%22featured%22%3A%22false%22%2C%22color__featured_label__text%22%3A%22rgb(52%2C%2064%2C%20158)%22%2C%22color__featured_label__bg%22%3A%22rgb(52%2C%2064%2C%20158)%22%2C%22title%22%3A%22ADDON%2010%20GB%22%2C%22color__title__text%22%3A%22rgba(0%2C%200%2C%200%2C%201)%22%2C%22color__title__bg%22%3A%22rgba(242%2C%20242%2C%20247%2C%201)%22%2C%22color__title__line%22%3A%22rgb(90%2C%20155%2C%20213)%22%2C%22price_description%22%3A%22%22%2C%22price%22%3A%2239.99%22%2C%22coin%22%3A%22%E2%82%AC%22%2C%22color__price_description__text%22%3A%22rgb(0%2C%200%2C%200)%22%2C%22color__price_description__line%22%3A%22rgb(52%2C%2064%2C%20158)%22%2C%22color__price__text%22%3A%22rgba(0%2C%200%2C%200%2C%201)%22%2C%22description%22%3A%22BLABLABLABLABLA%22%2C%22color__description__text%22%3A%22rgb(255%2C%20255%2C%20255)%22%2C%22color__description__separator%22%3A%22rgb(90%2C%20155%2C%20213)%22%2C%22options%22%3A%22DEBIT%3A%5Cn5%20Mo%2Fs%20MONTANT%5Cn3%20Mo%2Fs%20DESCENDANT%22%2C%22color__options__text%22%3A%22rgb(0%2C%200%2C%200)%22%2C%22color__description__bg%22%3A%22rgba(255%2C%20255%2C%20255%2C%201)%22%2C%22color__table__border%22%3A%22rgb(52%2C%2064%2C%20158)%22%2C%22icon%22%3A%22%22%2C%22add_button%22%3A%22true%22%2C%22link%22%3A%22url%3Ahttps%253A%252F%252Fwww.gosat-africa.com%252Findex.php%252Fproduit%252Faddon-10-gb%252F%253Flang%253Dfr%7C%7C%7C%22%2C%22color__icon%22%3A%22rgb(52%2C%2064%2C%20158)%22%2C%22button_text%22%3A%22OBTENIR%20MAINTENANT%22%2C%22color__button__text%22%3A%22rgba(255%2C%20255%2C%20255%2C%201)%22%2C%22color__button__bg%22%3A%22rgb(90%2C%20155%2C%20213)%22%2C%22color__button__line%22%3A%22rgba(57%2C%2079%2C%20209%2C%200)%22%2C%22color__button__hover__text%22%3A%22rgba(255%2C%20255%2C%20255%2C%201)%22%2C%22color__button__hover__bg%22%3A%22rgb(249%2C%20135%2C%2042)%22%2C%22color__button__hover__line%22%3A%22rgba(57%2C%2079%2C%20209%2C%200)%22%7D%2C%7B%22featured_label%22%3A%22MOST%20POPULAR!%22%2C%22featured%22%3A%22false%22%2C%22color__featured_label__text%22%3A%22rgb(52%2C%2064%2C%20158)%22%2C%22color__featured_label__bg%22%3A%22rgb(52%2C%2064%2C%20158)%22%2C%22title%22%3A%22ADDON%2020%20GB%22%2C%22color__title__text%22%3A%22rgb(255%2C%20255%2C%20255)%22%2C%22color__title__bg%22%3A%22rgb(90%2C%20155%2C%20213)%22%2C%22color__title__line%22%3A%22rgb(255%2C%20255%2C%20255)%22%2C%22price_description%22%3A%22%22%2C%22price%22%3A%2274.99%22%2C%22coin%22%3A%22%E2%82%AC%22%2C%22color__price_description__text%22%3A%22rgb(0%2C%200%2C%200)%22%2C%22color__price_description__line%22%3A%22rgb(52%2C%2064%2C%20158)%22%2C%22color__price__text%22%3A%22rgba(0%2C%200%2C%200%2C%201)%22%2C%22description%22%3A%22BLABLABLABLABLA%22%2C%22color__description__text%22%3A%22rgb(242%2C%20242%2C%20247)%22%2C%22color__description__separator%22%3A%22rgb(90%2C%20155%2C%20213)%22%2C%22options%22%3A%22DEBIT%3A%5Cn5%20Mo%2Fs%20MONTANT%5Cn3%20Mo%2Fs%20DESCENDANT%22%2C%22color__options__text%22%3A%22rgb(0%2C%200%2C%200)%22%2C%22color__description__bg%22%3A%22rgb(242%2C%20242%2C%20247)%22%2C%22color__table__border%22%3A%22rgb(52%2C%2064%2C%20158)%22%2C%22icon%22%3A%22%22%2C%22add_button%22%3A%22true%22%2C%22link%22%3A%22url%3Ahttps%253A%252F%252Fwww.gosat-africa.com%252Findex.php%252Fproduit%252Faddon-20-gb%252F%253Flang%253Dfr%7C%7C%7C%22%2C%22color__icon%22%3A%22rgb(52%2C%2064%2C%20158)%22%2C%22button_text%22%3A%22OBTENIR%20MAINTENANT%22%2C%22color__button__text%22%3A%22rgba(255%2C%20255%2C%20255%2C%201)%22%2C%22color__button__bg%22%3A%22rgb(90%2C%20155%2C%20213)%22%2C%22color__button__line%22%3A%22rgba(57%2C%2079%2C%20209%2C%200)%22%2C%22color__button__hover__text%22%3A%22rgb(255%2C%20255%2C%20255)%22%2C%22color__button__hover__bg%22%3A%22rgb(249%2C%20135%2C%2042)%22%2C%22color__button__hover__line%22%3A%22rgba(57%2C%2079%2C%20209%2C%200)%22%7D%2C%7B%22featured_label%22%3A%22MOST%20POPULAR!%22%2C%22featured%22%3A%22false%22%2C%22color__featured_label__text%22%3A%22rgb(52%2C%2064%2C%20158)%22%2C%22color__featured_label__bg%22%3A%22rgb(52%2C%2064%2C%20158)%22%2C%22title%22%3A%22ADDON%2050GB%22%2C%22color__title__text%22%3A%22rgba(0%2C%200%2C%200%2C%201)%22%2C%22color__title__bg%22%3A%22rgb(242%2C%20242%2C%20247)%22%2C%22color__title__line%22%3A%22rgb(90%2C%20155%2C%20213)%22%2C%22price_description%22%3A%22%22%2C%22price%22%3A%22164.99%22%2C%22coin%22%3A%22%E2%82%AC%22%2C%22color__price_description__text%22%3A%22rgb(0%2C%200%2C%200)%22%2C%22color__price_description__line%22%3A%22rgb(52%2C%2064%2C%20158)%22%2C%22color__price__text%22%3A%22rgba(0%2C%200%2C%200%2C%201)%22%2C%22description%22%3A%22BLABLABLABLABLA%22%2C%22color__description__text%22%3A%22rgb(255%2C%20255%2C%20255)%22%2C%22color__description__separator%22%3A%22rgb(90%2C%20155%2C%20213)%22%2C%22options%22%3A%22DEBIT%3A%5Cn5%20Mo%2Fs%20MONTANT%5Cn3%20Mo%2Fs%20DESCENDANT%22%2C%22color__options__text%22%3A%22rgb(0%2C%200%2C%200)%22%2C%22color__description__bg%22%3A%22rgba(255%2C%20255%2C%20255%2C%201)%22%2C%22color__table__border%22%3A%22rgb(52%2C%2064%2C%20158)%22%2C%22icon%22%3A%22%22%2C%22add_button%22%3A%22true%22%2C%22link%22%3A%22url%3Ahttps%253A%252F%252Fwww.gosat-africa.com%252Findex.php%252Fproduit%252Faddon-50-gb%252F%253Flang%253Dfr%7C%7C%7C%22%2C%22color__icon%22%3A%22rgb(52%2C%2064%2C%20158)%22%2C%22button_text%22%3A%22OBTENIR%20MAINTENANT%22%2C%22color__button__text%22%3A%22rgba(255%2C%20255%2C%20255%2C%201)%22%2C%22color__button__bg%22%3A%22rgb(90%2C%20155%2C%20213)%22%2C%22color__button__line%22%3A%22rgba(57%2C%2079%2C%20209%2C%200)%22%2C%22color__button__hover__text%22%3A%22rgba(255%2C%20255%2C%20255%2C%201)%22%2C%22color__button__hover__bg%22%3A%22rgb(249%2C%20135%2C%2042)%22%2C%22color__button__hover__line%22%3A%22rgba(57%2C%2079%2C%20209%2C%200)%22%7D%2C%7B%22featured_label%22%3A%22MOST%20POPULAR!%22%2C%22featured%22%3A%22false%22%2C%22color__featured_label__text%22%3A%22rgb(52%2C%2064%2C%20158)%22%2C%22color__featured_label__bg%22%3A%22rgb(52%2C%2064%2C%20158)%22%2C%22title%22%3A%22ADDON%20100GB%22%2C%22color__title__text%22%3A%22rgb(255%2C%20255%2C%20255)%22%2C%22color__title__bg%22%3A%22rgb(90%2C%20155%2C%20213)%22%2C%22color__title__line%22%3A%22rgb(255%2C%20255%2C%20255)%22%2C%22price_description%22%3A%22%22%2C%22price%22%3A%22299.99%22%2C%22coin%22%3A%22%E2%82%AC%22%2C%22color__price_description__text%22%3A%22rgb(0%2C%200%2C%200)%22%2C%22color__price_description__line%22%3A%22rgb(52%2C%2064%2C%20158)%22%2C%22color__price__text%22%3A%22rgba(0%2C%200%2C%200%2C%201)%22%2C%22description%22%3A%22BLABLABLABLABLA%22%2C%22color__description__text%22%3A%22rgb(242%2C%20242%2C%20247)%22%2C%22color__description__separator%22%3A%22rgb(90%2C%20155%2C%20213)%22%2C%22options%22%3A%22DEBIT%3A%5Cn5%20Mo%2Fs%20MONTANT%5Cn3%20Mo%2Fs%20DESCENDANT%22%2C%22color__options__text%22%3A%22rgb(0%2C%200%2C%200)%22%2C%22color__description__bg%22%3A%22rgb(242%2C%20242%2C%20247)%22%2C%22color__table__border%22%3A%22rgb(52%2C%2064%2C%20158)%22%2C%22icon%22%3A%22%22%2C%22add_button%22%3A%22true%22%2C%22link%22%3A%22url%3Ahttps%253A%252F%252Fwww.gosat-africa.com%252Findex.php%252Fproduit%252Faddon-100-gb%252F%253Flang%253Dfr%7C%7C%7C%22%2C%22color__icon%22%3A%22rgb(52%2C%2064%2C%20158)%22%2C%22button_text%22%3A%22OBTENIR%20MAINTENANT%22%2C%22color__button__text%22%3A%22rgba(255%2C%20255%2C%20255%2C%201)%22%2C%22color__button__bg%22%3A%22rgb(90%2C%20155%2C%20213)%22%2C%22color__button__line%22%3A%22rgba(57%2C%2079%2C%20209%2C%200)%22%2C%22color__button__hover__text%22%3A%22rgb(255%2C%20255%2C%20255)%22%2C%22color__button__hover__bg%22%3A%22rgb(249%2C%20135%2C%2042)%22%2C%22color__button__hover__line%22%3A%22rgba(57%2C%2079%2C%20209%2C%200)%22%7D%5D&#8221; animation=&#8221;&#8221; typography__label=&#8221;google&#8221; typography__label_size=&#8221;13&#8243; typography__title=&#8221;google&#8221; typography__title_size=&#8221;25&#8243; typography__price=&#8221;google&#8221; typography__price_size=&#8221;30&#8243; font__price=&#8221;font_family:Montserrat%3Aregular%2C700|font_style:400%20regular%3A400%3Anormal&#8221; typography__price_description=&#8221;google&#8221; typography__price_description_size=&#8221;12&#8243; typography__description=&#8221;google&#8221; typography__description_size=&#8221;16&#8243; typography__description_height=&#8221;130&#8243; typography__options_list=&#8221;google&#8221; typography__options_list_size=&#8221;12&#8243; typography__options_list_height=&#8221;200&#8243; typography__button=&#8221;google&#8221; typography__button_size=&#8221;13&#8243; el_class=&#8221;&#8221; version=&#8221;1&#8243;][\/vc_column][\/vc_row][vc_row][vc_column extend=&#8221;false&#8221;][vc_zigzag color=&#8221;custom&#8221; custom_color=&#8221;#5a9bd5&#8243;][pt_ext__empty_space margin_lg=&#8221;50&#8243; margin_md=&#8221;50&#8243; margin_xs=&#8221;50&#8243;][pt_ext__button button_text=&#8221;Voir les offres de connexions internet pour particuliers&#8221; icon=&#8221;&#8221; text__color=&#8221;rgb(255, 255, 255)&#8221; text__bg=&#8221;rgb(249, 135, 42)&#8221; text__border_color=&#8221;rgb(249, 135, 42)&#8221; text__color__hover=&#8221;rgba(255, 255, 255, 1)&#8221; text__bg__hover=&#8221;rgb(90, 155, 213)&#8221; text__border_color__hover=&#8221;rgb(90, 155, 213)&#8221; size=&#8221;normal&#8221; align=&#8221;center&#8221; border=&#8221;full-round&#8221; extra_shadow=&#8221;shadow&#8221; extra_gradient=&#8221;&#8221; extra_fullwidth=&#8221;&#8221; extra_show_icon_on_hover=&#8221;&#8221; extra_underline=&#8221;&#8221; extra_onclick=&#8221;&#8221; typo__button=&#8221;google&#8221; typo__button__font=&#8221;font_family:Montserrat%3Aregular%2C700|font_style:700%20regular%3A700%3Anormal&#8221; mediaquery_md=&#8221;&#8221; mediaquery_sm=&#8221;&#8221; mediaquery_xs=&#8221;&#8221; animation=&#8221;&#8221; settings__border_width=&#8221;&#8221; link=&#8221;url:https%3A%2F%2Fwww.gosat-africa.com%2Findex.php%2Fconnexion-internet-pour-particuliers%2F%3Flang%3Dfr|||&#8221; el_class=&#8221;&#8221; version=&#8221;1&#8243;][pt_ext__empty_space margin_lg=&#8221;50&#8243; margin_md=&#8221;50&#8243; margin_xs=&#8221;50&#8243;][pt_ext__button button_text=&#8221;Voir les offres de connexions internet pour professionnels&#8221; icon=&#8221;&#8221; text__color=&#8221;rgb(255, 255, 255)&#8221; text__bg=&#8221;rgb(249, 135, 42)&#8221; text__border_color=&#8221;rgb(249, 135, 42)&#8221; text__color__hover=&#8221;rgba(255, 255, 255, 1)&#8221; text__bg__hover=&#8221;rgb(90, 155, 213)&#8221; text__border_color__hover=&#8221;rgb(90, 155, 213)&#8221; size=&#8221;normal&#8221; align=&#8221;center&#8221; border=&#8221;full-round&#8221; extra_shadow=&#8221;shadow&#8221; extra_gradient=&#8221;&#8221; extra_fullwidth=&#8221;&#8221; extra_show_icon_on_hover=&#8221;&#8221; extra_underline=&#8221;&#8221; extra_onclick=&#8221;&#8221; typo__button=&#8221;google&#8221; typo__button__font=&#8221;font_family:Montserrat%3Aregular%2C700|font_style:700%20regular%3A700%3Anormal&#8221; mediaquery_md=&#8221;&#8221; mediaquery_sm=&#8221;&#8221; mediaquery_xs=&#8221;&#8221; animation=&#8221;&#8221; settings__border_width=&#8221;&#8221; link=&#8221;url:https%3A%2F%2Fwww.gosat-africa.com%2Findex.php%2Fconnexion-internet-pour-professionnels%2F%3Flang%3Dfr|||&#8221; el_class=&#8221;&#8221; version=&#8221;1&#8243;][pt_ext__empty_space margin_lg=&#8221;50&#8243; margin_md=&#8221;50&#8243; margin_xs=&#8221;50&#8243;][pt_ext__button button_text=&#8221;Voir toutes les offres de connexions internet&#8221; icon=&#8221;&#8221; text__color=&#8221;rgb(255, 255, 255)&#8221; text__bg=&#8221;rgb(249, 135, 42)&#8221; text__border_color=&#8221;rgb(249, 135, 42)&#8221; text__color__hover=&#8221;rgba(255, 255, 255, 1)&#8221; text__bg__hover=&#8221;rgb(90, 155, 213)&#8221; text__border_color__hover=&#8221;rgb(90, 155, 213)&#8221; size=&#8221;normal&#8221; align=&#8221;center&#8221; border=&#8221;full-round&#8221; extra_shadow=&#8221;shadow&#8221; extra_gradient=&#8221;&#8221; extra_fullwidth=&#8221;&#8221; extra_show_icon_on_hover=&#8221;&#8221; extra_underline=&#8221;&#8221; extra_onclick=&#8221;&#8221; typo__button=&#8221;google&#8221; typo__button__font=&#8221;font_family:Montserrat%3Aregular%2C700|font_style:700%20regular%3A700%3Anormal&#8221; mediaquery_md=&#8221;&#8221; mediaquery_sm=&#8221;&#8221; mediaquery_xs=&#8221;&#8221; animation=&#8221;&#8221; settings__border_width=&#8221;&#8221; link=&#8221;url:https%3A%2F%2Fwww.gosat-africa.com%2Findex.php%2Fconnexion-internet-par-satellite%2F%3Flang%3Dfr|||&#8221; el_class=&#8221;&#8221; version=&#8221;1&#8243;][pt_ext__empty_space margin_lg=&#8221;50&#8243; margin_md=&#8221;50&#8243; margin_xs=&#8221;50&#8243;][\/vc_column][\/vc_row]<\/p>\n","protected":false},"excerpt":{"rendered":"<p>[vc_row][vc_column extend=&#8221;false&#8221;][vc_raw_html]JTNDaDIlMjBzdHlsZSUyMCUzRCUyMCUyMnRleHQtYWxpZ24lM0ElMjBjZW50ZXIlM0IlMjBjb2xvciUzQSUyMG9yYW5nZSUzQiUyMiUzRUQlQzMlQTl2b3V2cmV6JTIwbm9zJTIwQWRkb25zJTIwcG91ciUyMGxlcyUyMGNvbm5leGlvbnMlMjBpbnRlcm5ldCUyMCUzQyUyRmgyJTNFJTBBJTNDYnIlM0U=[\/vc_raw_html][\/vc_column][\/vc_row][vc_row][vc_column extend=&#8221;false&#8221;][vc_column_text]Les Addons de connexion Internet de Gosat, une innovation qui fait la diff\u00e9rence ! Le mois n&#8217;est pas encore termin\u00e9 et vous n&#8217;avez presque plus de donn\u00e9es Internet ? Le risque de ne pas avoir acc\u00e8s au web pendant quelques jours, voire quelques semaines, devient r\u00e9el ? Ne vous en faites pas pour [&hellip;]<\/p>\n","protected":false},"author":3,"featured_media":0,"parent":0,"menu_order":0,"comment_status":"closed","ping_status":"closed","template":"","meta":[],"yoast_head":"<!-- This site is optimized with the Yoast SEO plugin v15.2 - https:\/\/yoast.com\/wordpress\/plugins\/seo\/ -->\n<title>Addons Connexions Internet - Ne soyez plus \u00e0 court de donn\u00e9es Internet<\/title>\n<meta name=\"description\" content=\"Ne soyez plus priv\u00e9s de l&#039;acc\u00e8s au web gr\u00e2ce \u00e0 l&#039;offre GoSat d&#039;addons de connexion Internet qui peuvent \u00eatre utilis\u00e9es pendant 3 mois \u00e0 des prix abordables.\" \/>\n<meta name=\"robots\" content=\"index, follow, max-snippet:-1, max-image-preview:large, max-video-preview:-1\" \/>\n<link rel=\"canonical\" href=\"https:\/\/www.gosat-africa.com\/index.php\/addons-connexions-internet\/\" \/>\n<meta property=\"og:locale\" content=\"en_US\" \/>\n<meta property=\"og:type\" content=\"article\" \/>\n<meta property=\"og:title\" content=\"Addons Connexions Internet - Ne soyez plus \u00e0 court de donn\u00e9es Internet\" \/>\n<meta property=\"og:description\" content=\"Ne soyez plus priv\u00e9s de l&#039;acc\u00e8s au web gr\u00e2ce \u00e0 l&#039;offre GoSat d&#039;addons de connexion Internet qui peuvent \u00eatre utilis\u00e9es pendant 3 mois \u00e0 des prix abordables.\" \/>\n<meta property=\"og:url\" content=\"https:\/\/www.gosat-africa.com\/index.php\/addons-connexions-internet\/\" \/>\n<meta property=\"og:site_name\" content=\"GoSat\" \/>\n<meta property=\"article:publisher\" content=\"https:\/\/www.facebook.com\/GosatCameroon\/\" \/>\n<meta property=\"article:modified_time\" content=\"2019-08-01T14:02:02+00:00\" \/>\n<meta name=\"twitter:card\" content=\"summary_large_image\" \/>\n<meta name=\"twitter:creator\" content=\"@gosatcameroon\" \/>\n<meta name=\"twitter:site\" content=\"@gosatcameroon\" \/>\n<meta name=\"twitter:label1\" value=\"Written by\">\n\t<meta name=\"twitter:data1\" value=\"\">\n\t<meta name=\"twitter:label2\" value=\"Est. reading time\">\n\t<meta name=\"twitter:data2\" value=\"7 minutes\">\n<script type=\"application\/ld+json\" class=\"yoast-schema-graph\">{\"@context\":\"https:\/\/schema.org\",\"@graph\":[{\"@type\":\"Organization\",\"@id\":\"http:\/\/www.gosat-africa.com\/#organization\",\"name\":\"GOSAT\",\"url\":\"http:\/\/www.gosat-africa.com\/\",\"sameAs\":[\"https:\/\/www.facebook.com\/GosatCameroon\/\",\"https:\/\/www.linkedin.com\/company\/afrikanet\/\",\"https:\/\/www.youtube.com\/channel\/UCmLC9kitSpujcbajdlF-xWw\",\"https:\/\/twitter.com\/gosatcameroon\"],\"logo\":{\"@type\":\"ImageObject\",\"@id\":\"http:\/\/www.gosat-africa.com\/#logo\",\"inLanguage\":\"en-US\",\"url\":\"https:\/\/www.gosat-africa.com\/wp-content\/uploads\/2018\/06\/logoGosat.png\",\"width\":261,\"height\":110,\"caption\":\"GOSAT\"},\"image\":{\"@id\":\"http:\/\/www.gosat-africa.com\/#logo\"}},{\"@type\":\"WebSite\",\"@id\":\"http:\/\/www.gosat-africa.com\/#website\",\"url\":\"http:\/\/www.gosat-africa.com\/\",\"name\":\"GoSat\",\"description\":\"Quality Internet Connection\",\"publisher\":{\"@id\":\"http:\/\/www.gosat-africa.com\/#organization\"},\"potentialAction\":[{\"@type\":\"SearchAction\",\"target\":\"http:\/\/www.gosat-africa.com\/?s={search_term_string}\",\"query-input\":\"required name=search_term_string\"}],\"inLanguage\":\"en-US\"},{\"@type\":\"WebPage\",\"@id\":\"https:\/\/www.gosat-africa.com\/index.php\/addons-connexions-internet\/#webpage\",\"url\":\"https:\/\/www.gosat-africa.com\/index.php\/addons-connexions-internet\/\",\"name\":\"Addons Connexions Internet - Ne soyez plus \\u00e0 court de donn\\u00e9es Internet\",\"isPartOf\":{\"@id\":\"http:\/\/www.gosat-africa.com\/#website\"},\"datePublished\":\"2019-03-11T10:46:01+00:00\",\"dateModified\":\"2019-08-01T14:02:02+00:00\",\"description\":\"Ne soyez plus priv\\u00e9s de l'acc\\u00e8s au web gr\\u00e2ce \\u00e0 l'offre GoSat d'addons de connexion Internet qui peuvent \\u00eatre utilis\\u00e9es pendant 3 mois \\u00e0 des prix abordables.\",\"breadcrumb\":{\"@id\":\"https:\/\/www.gosat-africa.com\/index.php\/addons-connexions-internet\/#breadcrumb\"},\"inLanguage\":\"en-US\",\"potentialAction\":[{\"@type\":\"ReadAction\",\"target\":[\"https:\/\/www.gosat-africa.com\/index.php\/addons-connexions-internet\/\"]}]},{\"@type\":\"BreadcrumbList\",\"@id\":\"https:\/\/www.gosat-africa.com\/index.php\/addons-connexions-internet\/#breadcrumb\",\"itemListElement\":[{\"@type\":\"ListItem\",\"position\":1,\"item\":{\"@type\":\"WebPage\",\"@id\":\"https:\/\/www.gosat-africa.com\/\",\"url\":\"https:\/\/www.gosat-africa.com\/\",\"name\":\"Home\"}},{\"@type\":\"ListItem\",\"position\":2,\"item\":{\"@type\":\"WebPage\",\"@id\":\"https:\/\/www.gosat-africa.com\/index.php\/addons-connexions-internet\/\",\"url\":\"https:\/\/www.gosat-africa.com\/index.php\/addons-connexions-internet\/\",\"name\":\"Addons Connexions Internet\"}}]}]}<\/script>\n<!-- \/ Yoast SEO plugin. -->","_links":{"self":[{"href":"https:\/\/www.gosat-africa.com\/index.php\/wp-json\/wp\/v2\/pages\/3912"}],"collection":[{"href":"https:\/\/www.gosat-africa.com\/index.php\/wp-json\/wp\/v2\/pages"}],"about":[{"href":"https:\/\/www.gosat-africa.com\/index.php\/wp-json\/wp\/v2\/types\/page"}],"author":[{"embeddable":true,"href":"https:\/\/www.gosat-africa.com\/index.php\/wp-json\/wp\/v2\/users\/3"}],"replies":[{"embeddable":true,"href":"https:\/\/www.gosat-africa.com\/index.php\/wp-json\/wp\/v2\/comments?post=3912"}],"version-history":[{"count":0,"href":"https:\/\/www.gosat-africa.com\/index.php\/wp-json\/wp\/v2\/pages\/3912\/revisions"}],"wp:attachment":[{"href":"https:\/\/www.gosat-africa.com\/index.php\/wp-json\/wp\/v2\/media?parent=3912"}],"curies":[{"name":"wp","href":"https:\/\/api.w.org\/{rel}","templated":true}]}}