{"id":4083,"date":"2019-03-14T11:38:05","date_gmt":"2019-03-14T10:38:05","guid":{"rendered":"https:\/\/www.gosat-africa.com\/?page_id=4083"},"modified":"2019-03-27T14:18:56","modified_gmt":"2019-03-27T13:18:56","slug":"connexion-internet-par-satellite-en-wifi","status":"publish","type":"page","link":"https:\/\/www.gosat-africa.com\/index.php\/connexion-internet-par-satellite-en-wifi\/","title":{"rendered":"GoSat WiFi"},"content":{"rendered":"<p>[vc_row][vc_column extend=&#8221;false&#8221;][vc_raw_html]JTNDaDIlMjBzdHlsZSUzRCUyMnRleHQtYWxpZ24lM0ElMjBjZW50ZXIlM0IlMjBjb2xvciUzQSUyMG9yYW5nZSUzQiUyMiUzRUdvU2F0JTIwV2lGaSUzQSUyMHZvdHJlJTIwQ29ubmV4aW9uJTIwaW50ZXJuZXQlMjBwYXIlMjBzYXRlbGxpdGUlMjBlbiUyMFdpRmklMjBhdmVjJTIwbGVzJTIwbGlnbmVzJTIwJUMzJUE5bGVjdHJpcXVlcyUzQyUyRmgyJTNF[\/vc_raw_html][vc_single_image image=&#8221;4091&#8243; img_size=&#8221;large&#8221; alignment=&#8221;center&#8221;][vc_column_text]Y a-t-il des pi\u00e8ces de votre maison o\u00f9 la connexion internet par satellite en\u00a0 WiFi est mauvaise ou m\u00eame inexistante ?<\/p>\n<p>En raison de la taille de la zone o\u00f9 vous voulez avoir Internet, un routeur sans fil peut ne pas \u00eatre en mesure de fournir une couverture suffisante pour atteindre tous les coins de l&#8217;endroit.<\/p>\n<p>Mais, en ajoutant un &#8220;LAFI&#8221; ou un &#8220;BUFI&#8221;, vous pouvez apporter le wifi haut d\u00e9bit partout dans votre habitation! Plus de zones mortes ![\/vc_column_text][vc_zigzag color=&#8221;custom&#8221; custom_color=&#8221;#5a9bd5&#8243;][\/vc_column][\/vc_row][vc_row][vc_column extend=&#8221;false&#8221;][pt_ext__empty_space margin_lg=&#8221;25&#8243; margin_md=&#8221;25&#8243; margin_sm=&#8221;25&#8243; margin_xs=&#8221;25&#8243; el_class=&#8221;&#8221; version=&#8221;1&#8243;][vc_column_text]<a href=\"https:\/\/www.gosat-africa.com\/?lang=fr\">GoSat<\/a> vous propose d&#8217;\u00e9tendre votre connexion internet par satellite en Wi-Fi en utilisant les lignes \u00e9lectriques existantes. Pour cela, rien de plus simple. Connectez le &#8220;Encoder&#8221; (voir illustration ci-dessous) au routeur et branchez-le dans la prise murale. La ligne \u00e9lectrique se transformera en c\u00e2ble r\u00e9seau. O\u00f9 que vous ayez besoin de WiFi, connectez simplement notre Plug and Play &#8220;BUFI&#8221; ou &#8220;LAFI&#8221; (voir illustration ci-dessous). Pas besoin de r\u00e9glages ou de c\u00e2bles suppl\u00e9mentaires. C&#8217;est une solution tr\u00e8s pratique et intelligente pour tirer le meilleur parti de votre <a href=\"https:\/\/www.gosat-africa.com\/index.php\/connexion-internet-par-satellite\/?lang=fr\">connexion Internet par satellite<\/a>![\/vc_column_text][vc_single_image image=&#8221;4116&#8243; img_size=&#8221;full&#8221; add_caption=&#8221;yes&#8221; alignment=&#8221;center&#8221;][vc_column_text]<\/p>\n<h3 style=\"text-align: center; color: orange;\">Caract\u00e9ristiques et fonctions:<\/h3>\n<p><strong>Dites adieu \u00e0 toutes les zones non couvertes par le WiFI dans votre maison!<\/strong><\/p>\n<ul>\n<li>Vitesse de la ligne \u00e9lectrique de 300 Mbps, id\u00e9ale pour le streaming HD 4K et les jeux vid\u00e9o sans d\u00e9lai<\/li>\n<li>1 Encodeur d&#8217;unit\u00e9 jumel\u00e9e et 6 LAFI et BUFI pour couvrir enti\u00e8rement toutes les pi\u00e8ces de votre maison<\/li>\n<li>RVBW en couleur pour fournir toutes les couleurs dont vous avez besoin. Pris en charge sur une application mobile<\/li>\n<li>Luminosit\u00e9 r\u00e9glable : appuyez sur le bouton pour contr\u00f4ler la luminosit\u00e9 ou l&#8217;ajuster \u00e0 partir de l&#8217;application mobile<\/li>\n<li>Syst\u00e8me Plug and Play: pas besoin d&#8217;installer de logiciel ou de param\u00e9trages suppl\u00e9mentaires<\/li>\n<li>Fournit la connexion r\u00e9seau avec la modification du mot de passe WiFi par APP<\/li>\n<li>\u00c9conomies d&#8217;\u00e9nergie: le WiFi et la lumi\u00e8re fonctionnent s\u00e9par\u00e9ment. Eteignez la lumi\u00e8re, le WiFi est toujours l\u00e0<\/li>\n<li>Et surtout pas besoin de plus de c\u00e2bles r\u00e9seau<\/li>\n<\/ul>\n<p>[\/vc_column_text][pt_ext__button button_text=&#8221;OBTENEZ VOTRE KIT GOSAT WIFI MAINTENANT!&#8221; icon=&#8221;&#8221; text__color=&#8221;rgb(255, 255, 255)&#8221; text__bg=&#8221;rgb(90, 155, 213)&#8221; text__border_color=&#8221;rgb(90, 155, 213)&#8221; text__color__hover=&#8221;rgba(255, 255, 255, 1)&#8221; text__bg__hover=&#8221;rgb(249, 135, 42)&#8221; text__border_color__hover=&#8221;rgb(249, 135, 42)&#8221; size=&#8221;normal&#8221; align=&#8221;center&#8221; border=&#8221;full-round&#8221; extra_shadow=&#8221;shadow&#8221; extra_gradient=&#8221;&#8221; extra_fullwidth=&#8221;&#8221; extra_show_icon_on_hover=&#8221;&#8221; extra_underline=&#8221;&#8221; extra_onclick=&#8221;&#8221; typo__button=&#8221;google&#8221; typo__button__font=&#8221;font_family:Montserrat%3Aregular%2C700|font_style:700%20regular%3A700%3Anormal&#8221; mediaquery_md=&#8221;&#8221; mediaquery_sm=&#8221;&#8221; mediaquery_xs=&#8221;&#8221; animation=&#8221;&#8221; settings__border_width=&#8221;&#8221; link=&#8221;url:https%3A%2F%2Fwww.gosat-africa.com%2Findex.php%2Fcontact-gosat%2F%3Flang%3Dfr|||&#8221; el_class=&#8221;&#8221; version=&#8221;1&#8243;][pt_ext__empty_space margin_lg=&#8221;25&#8243; margin_md=&#8221;25&#8243; margin_sm=&#8221;25&#8243; margin_xs=&#8221;25&#8243; el_class=&#8221;&#8221; version=&#8221;1&#8243;][\/vc_column][\/vc_row][vc_row][vc_column extend=&#8221;false&#8221;][vc_zigzag color=&#8221;custom&#8221; custom_color=&#8221;#5a9bd5&#8243;][pt_ext__empty_space margin_lg=&#8221;50&#8243; margin_md=&#8221;50&#8243; margin_xs=&#8221;50&#8243; el_class=&#8221;&#8221; version=&#8221;1&#8243;][pt_ext__button button_text=&#8221;Voir la Box GoSat&#8221; icon=&#8221;&#8221; text__color=&#8221;rgb(255, 255, 255)&#8221; text__bg=&#8221;rgb(249, 135, 42)&#8221; text__border_color=&#8221;rgb(249, 135, 42)&#8221; text__color__hover=&#8221;rgba(255, 255, 255, 1)&#8221; text__bg__hover=&#8221;rgb(90, 155, 213)&#8221; text__border_color__hover=&#8221;rgb(90, 155, 213)&#8221; size=&#8221;normal&#8221; align=&#8221;center&#8221; border=&#8221;full-round&#8221; extra_shadow=&#8221;shadow&#8221; extra_gradient=&#8221;&#8221; extra_fullwidth=&#8221;&#8221; extra_show_icon_on_hover=&#8221;&#8221; extra_underline=&#8221;&#8221; extra_onclick=&#8221;&#8221; typo__button=&#8221;google&#8221; typo__button__font=&#8221;font_family:Montserrat%3Aregular%2C700|font_style:700%20regular%3A700%3Anormal&#8221; mediaquery_md=&#8221;&#8221; mediaquery_sm=&#8221;&#8221; mediaquery_xs=&#8221;&#8221; animation=&#8221;&#8221; settings__border_width=&#8221;&#8221; link=&#8221;url:https%3A%2F%2Fwww.gosat-africa.com%2Findex.php%2Fla-box-gosat%2F%3Flang%3Dfr|||&#8221; el_class=&#8221;&#8221; version=&#8221;1&#8243;][pt_ext__empty_space margin_lg=&#8221;50&#8243; margin_md=&#8221;50&#8243; margin_xs=&#8221;50&#8243; el_class=&#8221;&#8221; version=&#8221;1&#8243;][pt_ext__button button_text=&#8221;Voir l&#8217;offre d&#8217;installation de l&#8217;\u00e9quipement GoSat&#8221; icon=&#8221;&#8221; text__color=&#8221;rgb(255, 255, 255)&#8221; text__bg=&#8221;rgb(249, 135, 42)&#8221; text__border_color=&#8221;rgb(249, 135, 42)&#8221; text__color__hover=&#8221;rgba(255, 255, 255, 1)&#8221; text__bg__hover=&#8221;rgb(90, 155, 213)&#8221; text__border_color__hover=&#8221;rgb(90, 155, 213)&#8221; size=&#8221;normal&#8221; align=&#8221;center&#8221; border=&#8221;full-round&#8221; extra_shadow=&#8221;shadow&#8221; extra_gradient=&#8221;&#8221; extra_fullwidth=&#8221;&#8221; extra_show_icon_on_hover=&#8221;&#8221; extra_underline=&#8221;&#8221; extra_onclick=&#8221;&#8221; typo__button=&#8221;google&#8221; typo__button__font=&#8221;font_family:Montserrat%3Aregular%2C700|font_style:700%20regular%3A700%3Anormal&#8221; mediaquery_md=&#8221;&#8221; mediaquery_sm=&#8221;&#8221; mediaquery_xs=&#8221;&#8221; animation=&#8221;&#8221; settings__border_width=&#8221;&#8221; link=&#8221;url:https%3A%2F%2Fwww.gosat-africa.com%2Findex.php%2Finstallation-equipement-satellite%2F%3Flang%3Dfr|||&#8221; el_class=&#8221;&#8221; version=&#8221;1&#8243;][pt_ext__empty_space margin_lg=&#8221;50&#8243; margin_md=&#8221;50&#8243; margin_xs=&#8221;50&#8243; el_class=&#8221;&#8221; version=&#8221;1&#8243;][pt_ext__button button_text=&#8221;Voir GoSat Cyber-S\u00e9curit\u00e9&#8221; icon=&#8221;&#8221; text__color=&#8221;rgb(255, 255, 255)&#8221; text__bg=&#8221;rgb(249, 135, 42)&#8221; text__border_color=&#8221;rgb(249, 135, 42)&#8221; text__color__hover=&#8221;rgba(255, 255, 255, 1)&#8221; text__bg__hover=&#8221;rgb(90, 155, 213)&#8221; text__border_color__hover=&#8221;rgb(90, 155, 213)&#8221; size=&#8221;normal&#8221; align=&#8221;center&#8221; border=&#8221;full-round&#8221; extra_shadow=&#8221;shadow&#8221; extra_gradient=&#8221;&#8221; extra_fullwidth=&#8221;&#8221; extra_show_icon_on_hover=&#8221;&#8221; extra_underline=&#8221;&#8221; extra_onclick=&#8221;&#8221; typo__button=&#8221;google&#8221; typo__button__font=&#8221;font_family:Montserrat%3Aregular%2C700|font_style:700%20regular%3A700%3Anormal&#8221; mediaquery_md=&#8221;&#8221; mediaquery_sm=&#8221;&#8221; mediaquery_xs=&#8221;&#8221; animation=&#8221;&#8221; settings__border_width=&#8221;&#8221; link=&#8221;url:https%3A%2F%2Fwww.gosat-africa.com%2Findex.php%2Fcyber-securite-pour-connexion-internet%2F%3Flang%3Dfr|||&#8221; el_class=&#8221;&#8221; version=&#8221;1&#8243;][pt_ext__empty_space margin_lg=&#8221;50&#8243; margin_md=&#8221;50&#8243; margin_xs=&#8221;50&#8243; el_class=&#8221;&#8221; version=&#8221;1&#8243;][pt_ext__button button_text=&#8221;Voir plus de services GoSat&#8221; icon=&#8221;&#8221; text__color=&#8221;rgb(255, 255, 255)&#8221; text__bg=&#8221;rgb(249, 135, 42)&#8221; text__border_color=&#8221;rgb(249, 135, 42)&#8221; text__color__hover=&#8221;rgba(255, 255, 255, 1)&#8221; text__bg__hover=&#8221;rgb(90, 155, 213)&#8221; text__border_color__hover=&#8221;rgb(90, 155, 213)&#8221; size=&#8221;normal&#8221; align=&#8221;center&#8221; border=&#8221;full-round&#8221; extra_shadow=&#8221;shadow&#8221; extra_gradient=&#8221;&#8221; extra_fullwidth=&#8221;&#8221; extra_show_icon_on_hover=&#8221;&#8221; extra_underline=&#8221;&#8221; extra_onclick=&#8221;&#8221; typo__button=&#8221;google&#8221; typo__button__font=&#8221;font_family:Montserrat%3Aregular%2C700|font_style:700%20regular%3A700%3Anormal&#8221; mediaquery_md=&#8221;&#8221; mediaquery_sm=&#8221;&#8221; mediaquery_xs=&#8221;&#8221; animation=&#8221;&#8221; settings__border_width=&#8221;&#8221; link=&#8221;url:https%3A%2F%2Fwww.gosat-africa.com%2Findex.php%2Fservices-internet-gosat%2F%3Flang%3Dfr|||&#8221; el_class=&#8221;&#8221; version=&#8221;1&#8243;][pt_ext__empty_space margin_lg=&#8221;50&#8243; margin_md=&#8221;50&#8243; margin_xs=&#8221;50&#8243; el_class=&#8221;&#8221; version=&#8221;1&#8243;][\/vc_column][\/vc_row]<\/p>\n","protected":false},"excerpt":{"rendered":"<p>[vc_row][vc_column extend=&#8221;false&#8221;][vc_raw_html]JTNDaDIlMjBzdHlsZSUzRCUyMnRleHQtYWxpZ24lM0ElMjBjZW50ZXIlM0IlMjBjb2xvciUzQSUyMG9yYW5nZSUzQiUyMiUzRUdvU2F0JTIwV2lGaSUzQSUyMHZvdHJlJTIwQ29ubmV4aW9uJTIwaW50ZXJuZXQlMjBwYXIlMjBzYXRlbGxpdGUlMjBlbiUyMFdpRmklMjBhdmVjJTIwbGVzJTIwbGlnbmVzJTIwJUMzJUE5bGVjdHJpcXVlcyUzQyUyRmgyJTNF[\/vc_raw_html][vc_single_image image=&#8221;4091&#8243; img_size=&#8221;large&#8221; alignment=&#8221;center&#8221;][vc_column_text]Y a-t-il des pi\u00e8ces de votre maison o\u00f9 la connexion internet par satellite en\u00a0 WiFi est mauvaise ou m\u00eame inexistante ? En raison de la taille de la zone o\u00f9 vous voulez avoir Internet, un routeur sans fil peut ne pas \u00eatre en mesure de fournir une couverture suffisante pour atteindre [&hellip;]<\/p>\n","protected":false},"author":3,"featured_media":0,"parent":0,"menu_order":0,"comment_status":"closed","ping_status":"closed","template":"","meta":[],"yoast_head":"<!-- This site is optimized with the Yoast SEO plugin v15.2 - https:\/\/yoast.com\/wordpress\/plugins\/seo\/ -->\n<title>GoSat WiFi - Connexion Internet par Satellite en WiFi dans votre maison<\/title>\n<meta name=\"description\" content=\"Des probl\u00e8mes de connexion WiFi dans certaines pi\u00e8ces? Profitez de votre connexion internet par satellite en WiFi dans toute votre maison avec GoSat!\" \/>\n<meta name=\"robots\" content=\"index, follow, max-snippet:-1, max-image-preview:large, max-video-preview:-1\" \/>\n<link rel=\"canonical\" href=\"https:\/\/www.gosat-africa.com\/index.php\/connexion-internet-par-satellite-en-wifi\/\" \/>\n<meta property=\"og:locale\" content=\"en_US\" \/>\n<meta property=\"og:type\" content=\"article\" \/>\n<meta property=\"og:title\" content=\"GoSat WiFi - Connexion Internet par Satellite en WiFi dans votre maison\" \/>\n<meta property=\"og:description\" content=\"Des probl\u00e8mes de connexion WiFi dans certaines pi\u00e8ces? Profitez de votre connexion internet par satellite en WiFi dans toute votre maison avec GoSat!\" \/>\n<meta property=\"og:url\" content=\"https:\/\/www.gosat-africa.com\/index.php\/connexion-internet-par-satellite-en-wifi\/\" \/>\n<meta property=\"og:site_name\" content=\"GoSat\" \/>\n<meta property=\"article:publisher\" content=\"https:\/\/www.facebook.com\/GosatCameroon\/\" \/>\n<meta property=\"article:modified_time\" content=\"2019-03-27T13:18:56+00:00\" \/>\n<meta name=\"twitter:card\" content=\"summary_large_image\" \/>\n<meta name=\"twitter:creator\" content=\"@gosatcameroon\" \/>\n<meta name=\"twitter:site\" content=\"@gosatcameroon\" \/>\n<meta name=\"twitter:label1\" value=\"Written by\">\n\t<meta name=\"twitter:data1\" value=\"\">\n\t<meta name=\"twitter:label2\" value=\"Est. reading time\">\n\t<meta name=\"twitter:data2\" value=\"4 minutes\">\n<script type=\"application\/ld+json\" class=\"yoast-schema-graph\">{\"@context\":\"https:\/\/schema.org\",\"@graph\":[{\"@type\":\"Organization\",\"@id\":\"http:\/\/www.gosat-africa.com\/#organization\",\"name\":\"GOSAT\",\"url\":\"http:\/\/www.gosat-africa.com\/\",\"sameAs\":[\"https:\/\/www.facebook.com\/GosatCameroon\/\",\"https:\/\/www.linkedin.com\/company\/afrikanet\/\",\"https:\/\/www.youtube.com\/channel\/UCmLC9kitSpujcbajdlF-xWw\",\"https:\/\/twitter.com\/gosatcameroon\"],\"logo\":{\"@type\":\"ImageObject\",\"@id\":\"http:\/\/www.gosat-africa.com\/#logo\",\"inLanguage\":\"en-US\",\"url\":\"https:\/\/www.gosat-africa.com\/wp-content\/uploads\/2018\/06\/logoGosat.png\",\"width\":261,\"height\":110,\"caption\":\"GOSAT\"},\"image\":{\"@id\":\"http:\/\/www.gosat-africa.com\/#logo\"}},{\"@type\":\"WebSite\",\"@id\":\"http:\/\/www.gosat-africa.com\/#website\",\"url\":\"http:\/\/www.gosat-africa.com\/\",\"name\":\"GoSat\",\"description\":\"Quality Internet Connection\",\"publisher\":{\"@id\":\"http:\/\/www.gosat-africa.com\/#organization\"},\"potentialAction\":[{\"@type\":\"SearchAction\",\"target\":\"http:\/\/www.gosat-africa.com\/?s={search_term_string}\",\"query-input\":\"required name=search_term_string\"}],\"inLanguage\":\"en-US\"},{\"@type\":\"WebPage\",\"@id\":\"https:\/\/www.gosat-africa.com\/index.php\/connexion-internet-par-satellite-en-wifi\/#webpage\",\"url\":\"https:\/\/www.gosat-africa.com\/index.php\/connexion-internet-par-satellite-en-wifi\/\",\"name\":\"GoSat WiFi - Connexion Internet par Satellite en WiFi dans votre maison\",\"isPartOf\":{\"@id\":\"http:\/\/www.gosat-africa.com\/#website\"},\"datePublished\":\"2019-03-14T10:38:05+00:00\",\"dateModified\":\"2019-03-27T13:18:56+00:00\",\"description\":\"Des probl\\u00e8mes de connexion WiFi dans certaines pi\\u00e8ces? Profitez de votre connexion internet par satellite en WiFi dans toute votre maison avec GoSat!\",\"breadcrumb\":{\"@id\":\"https:\/\/www.gosat-africa.com\/index.php\/connexion-internet-par-satellite-en-wifi\/#breadcrumb\"},\"inLanguage\":\"en-US\",\"potentialAction\":[{\"@type\":\"ReadAction\",\"target\":[\"https:\/\/www.gosat-africa.com\/index.php\/connexion-internet-par-satellite-en-wifi\/\"]}]},{\"@type\":\"BreadcrumbList\",\"@id\":\"https:\/\/www.gosat-africa.com\/index.php\/connexion-internet-par-satellite-en-wifi\/#breadcrumb\",\"itemListElement\":[{\"@type\":\"ListItem\",\"position\":1,\"item\":{\"@type\":\"WebPage\",\"@id\":\"https:\/\/www.gosat-africa.com\/\",\"url\":\"https:\/\/www.gosat-africa.com\/\",\"name\":\"Home\"}},{\"@type\":\"ListItem\",\"position\":2,\"item\":{\"@type\":\"WebPage\",\"@id\":\"https:\/\/www.gosat-africa.com\/index.php\/connexion-internet-par-satellite-en-wifi\/\",\"url\":\"https:\/\/www.gosat-africa.com\/index.php\/connexion-internet-par-satellite-en-wifi\/\",\"name\":\"GoSat WiFi\"}}]}]}<\/script>\n<!-- \/ Yoast SEO plugin. -->","_links":{"self":[{"href":"https:\/\/www.gosat-africa.com\/index.php\/wp-json\/wp\/v2\/pages\/4083"}],"collection":[{"href":"https:\/\/www.gosat-africa.com\/index.php\/wp-json\/wp\/v2\/pages"}],"about":[{"href":"https:\/\/www.gosat-africa.com\/index.php\/wp-json\/wp\/v2\/types\/page"}],"author":[{"embeddable":true,"href":"https:\/\/www.gosat-africa.com\/index.php\/wp-json\/wp\/v2\/users\/3"}],"replies":[{"embeddable":true,"href":"https:\/\/www.gosat-africa.com\/index.php\/wp-json\/wp\/v2\/comments?post=4083"}],"version-history":[{"count":0,"href":"https:\/\/www.gosat-africa.com\/index.php\/wp-json\/wp\/v2\/pages\/4083\/revisions"}],"wp:attachment":[{"href":"https:\/\/www.gosat-africa.com\/index.php\/wp-json\/wp\/v2\/media?parent=4083"}],"curies":[{"name":"wp","href":"https:\/\/api.w.org\/{rel}","templated":true}]}}