{"id":5015,"date":"2019-08-13T10:57:15","date_gmt":"2019-08-13T08:57:15","guid":{"rendered":"https:\/\/www.gosat-africa.com\/index.php\/box-package\/"},"modified":"2019-08-14T15:24:19","modified_gmt":"2019-08-14T13:24:19","slug":"box-package","status":"publish","type":"page","link":"https:\/\/www.gosat-africa.com\/index.php\/box-package\/","title":{"rendered":"Box + Forfait"},"content":{"rendered":"<p>[vc_row][vc_column extend=&#8221;false&#8221;][vc_raw_html]JTNDaDIlMjBzdHlsZSUyMCUzRCUyMCUyMnRleHQtYWxpZ24lM0ElMjBjZW50ZXIlM0IlMjBjb2xvciUzQSUyMG9yYW5nZSUzQiUyMiUzRVRvdXRlcyUyMG5vcyUyMG9mZnJlcyUyMEdvU2F0JTIwQm94JTNDJTJGaDIlM0UlMEE=[\/vc_raw_html][vc_column_text]Chez GoSat, nous sommes conscients de l\u2019importance de fournir une connexion Internet pour particuliers dans le monde moderne. En cons\u00e9quence, nous avons d\u00e9cid\u00e9 de relever le d\u00e9fi de garantir un<strong> Internet rapide et fiable<\/strong> en Afrique.<\/p>\n<p>Ici vous pouvez trouver nos offres<strong> GoSat Box + Forfaits Internet<\/strong>. Il existe aujourd&#8217;hui autant de packs diff\u00e9rents qu&#8217;il existe de forfaits GoSat : 4 forfaits (pour 10, 20, 30 et 50 Go).<br \/>\nEnsuite vous pouvez choisir le pack qui correspond le mieux \u00e0 vos besoins. La Box en elle-m\u00eame co\u00fbte <strong>180\u20ac<\/strong>, et ces packs contiennent en plus <strong>3 mois<\/strong> de forfait internet.<\/p>\n<p>Si vous voulez renouveler votre abonnement internet, veuillez vous rendre sur la page des <a href=\"https:\/\/www.gosat-africa.com\/index.php\/connexion-internet-pour-particuliers\/?lang=fr\">forfaits internet<\/a>.<\/p>\n<p>Chez GoSat, nous nous engageons \u00e9galement sur la qualit\u00e9 de nos services. La <strong>technologie satellite la plus r\u00e9cente<\/strong>\u00a0offre \u00e0 nos clients la <strong>meilleure qualit\u00e9 de connexion Internet<\/strong> au meilleur prix possible.[\/vc_column_text][vc_single_image image=&#8221;4140&#8243; img_size=&#8221;large&#8221; alignment=&#8221;center&#8221;][vc_zigzag color=&#8221;custom&#8221; custom_color=&#8221;#5a9bd5&#8243;][\/vc_column][\/vc_row][vc_row][vc_column extend=&#8221;false&#8221;][pt_ext__pricing_tables appearance=&#8221;table1&#8243; tables=&#8221;%5B%7B%22featured_label%22%3A%22Offre%20de%203%20mois%22%2C%22featured%22%3A%22true%22%2C%22color__featured_label__text%22%3A%22rgb(90%2C%20155%2C%20213)%22%2C%22color__featured_label__bg%22%3A%22rgb(52%2C%2064%2C%20158)%22%2C%22title%22%3A%22BOX%20%2B%20FORFAIT%2010%20Go%22%2C%22color__title__text%22%3A%22rgba(0%2C%200%2C%200%2C%201)%22%2C%22color__title__bg%22%3A%22rgb(242%2C%20244%2C%20247)%22%2C%22color__title__line%22%3A%22rgb(90%2C%20153%2C%20213)%22%2C%22price_description%22%3A%22Box%20%2B%20FORFAIT%2010%20Go%20pour%203%20mois%20(3%20x%2029.99%E2%82%AC)%22%2C%22price%22%3A%22269.99%22%2C%22coin%22%3A%22%E2%82%AC%22%2C%22color__price_description__text%22%3A%22rgb(0%2C%200%2C%200)%22%2C%22color__price_description__line%22%3A%22rgb(52%2C%2064%2C%20158)%22%2C%22color__price__text%22%3A%22rgba(0%2C%200%2C%200%2C%201)%22%2C%22description%22%3A%22Parfait%20pour%20les%20personnes%20ayant%20peu%20besoin%20en%20donn%C3%A9es%22%2C%22color__description__text%22%3A%22rgb(0%2C%200%2C%200)%22%2C%22color__description__separator%22%3A%22rgb(90%2C%20155%2C%20213)%22%2C%22options%22%3A%22DEBIT%3A%5Cn5%20Mb%2Fs%20MONTANT%5Cn3%20Mb%2Fs%20DESCENDANT%5CnSUPPORT%2024%2F7%22%2C%22color__options__text%22%3A%22rgb(0%2C%200%2C%200)%22%2C%22color__description__bg%22%3A%22rgba(255%2C%20255%2C%20255%2C%201)%22%2C%22color__table__border%22%3A%22rgb(52%2C%2064%2C%20158)%22%2C%22icon%22%3A%22%22%2C%22add_button%22%3A%22true%22%2C%22link%22%3A%22url%3Ahttps%253A%252F%252Fwww.gosat-africa.com%252Findex.php%252Fproduit%252Fbox-and-10gb-package%252F%253Flang%253Dfr%7C%7C%7C%22%2C%22color__icon%22%3A%22rgb(52%2C%2064%2C%20158)%22%2C%22button_text%22%3A%22OBTENIR%20MAINTENANT%22%2C%22color__button__text%22%3A%22rgba(255%2C%20255%2C%20255%2C%201)%22%2C%22color__button__bg%22%3A%22rgb(90%2C%20155%2C%20213)%22%2C%22color__button__line%22%3A%22rgba(57%2C%2079%2C%20209%2C%200)%22%2C%22color__button__hover__text%22%3A%22rgba(255%2C%20255%2C%20255%2C%201)%22%2C%22color__button__hover__bg%22%3A%22rgb(249%2C%20135%2C%2042)%22%2C%22color__button__hover__line%22%3A%22rgba(57%2C%2079%2C%20209%2C%200)%22%7D%2C%7B%22featured_label%22%3A%22Offre%20de%203%20mois%22%2C%22featured%22%3A%22true%22%2C%22color__featured_label__text%22%3A%22rgb(255%2C%20192%2C%200)%22%2C%22color__featured_label__bg%22%3A%22rgba(57%2C%2082%2C%20208%2C%201)%22%2C%22title%22%3A%22BOX%20%2B%20FORFAIT%2020%20Go%22%2C%22color__title__text%22%3A%22rgb(255%2C%20255%2C%20255)%22%2C%22color__title__bg%22%3A%22rgb(90%2C%20155%2C%20213)%22%2C%22color__title__line%22%3A%22rgb(255%2C%20255%2C%20255)%22%2C%22price_description%22%3A%22Box%20%2B%20FORFAIT%2020%20Go%20pour%203%20mois%20(3%20x%2049.99%E2%82%AC)%22%2C%22price%22%3A%22329.99%22%2C%22coin%22%3A%22%E2%82%AC%22%2C%22color__price_description__text%22%3A%22rgb(0%2C%200%2C%200)%22%2C%22color__price_description__line%22%3A%22rgba(249%2C%20249%2C%20251%2C%201)%22%2C%22color__price__text%22%3A%22rgba(0%2C%200%2C%200%2C%201)%22%2C%22description%22%3A%22Convient%20aux%20familles%20qui%20ont%20un%20besoin%20moyen%20de%20donn%C3%A9es%22%2C%22color__description__text%22%3A%22rgb(0%2C%200%2C%200)%22%2C%22color__description__separator%22%3A%22rgb(90%2C%20155%2C%20213)%22%2C%22options%22%3A%22DEBIT%3A%5Cn5%20Mb%2Fs%20MONTANT%5Cn3%20Mb%2Fs%20DESCENDANT%5CnSUPPORT%2024%2F7%22%2C%22color__options__text%22%3A%22rgb(0%2C%200%2C%200)%22%2C%22color__description__bg%22%3A%22rgb(242%2C%20244%2C%20247)%22%2C%22color__table__border%22%3A%22rgba(242%2C%20242%2C%20247%2C%201)%22%2C%22icon%22%3A%22%22%2C%22add_button%22%3A%22true%22%2C%22link%22%3A%22url%3Ahttps%253A%252F%252Fwww.gosat-africa.com%252Findex.php%252Fproduit%252Fbox-and-20gb-package%252F%253Flang%253Dfr%7C%7C%7C%22%2C%22color__icon%22%3A%22rgb(52%2C%2064%2C%20158)%22%2C%22button_text%22%3A%22OBTENIR%20MAINTENANT%22%2C%22color__button__text%22%3A%22rgba(255%2C%20255%2C%20255%2C%201)%22%2C%22color__button__bg%22%3A%22rgb(90%2C%20155%2C%20213)%22%2C%22color__button__line%22%3A%22rgba(57%2C%2079%2C%20209%2C%200)%22%2C%22color__button__hover__text%22%3A%22rgba(255%2C%20255%2C%20255%2C%201)%22%2C%22color__button__hover__bg%22%3A%22rgb(249%2C%20135%2C%2042)%22%2C%22color__button__hover__line%22%3A%22rgba(255%2C%20200%2C%200%2C%200)%22%7D%2C%7B%22featured_label%22%3A%22Offre%20de%203%20mois%22%2C%22featured%22%3A%22true%22%2C%22color__featured_label__text%22%3A%22rgb(90%2C%20155%2C%20213)%22%2C%22color__featured_label__bg%22%3A%22rgb(52%2C%2064%2C%20158)%22%2C%22title%22%3A%22BOX%20%2B%20FORFAIT%2030%20Go%22%2C%22color__title__text%22%3A%22rgba(0%2C%200%2C%200%2C%201)%22%2C%22color__title__bg%22%3A%22rgba(242%2C%20242%2C%20247%2C%201)%22%2C%22color__title__line%22%3A%22rgb(90%2C%20155%2C%20213)%22%2C%22price_description%22%3A%22Box%20%2B%20FORFAIT%2030%20Go%20pour%203%20mois%20(3%20x%2074.99%E2%82%AC)%22%2C%22price%22%3A%22399.99%22%2C%22coin%22%3A%22%E2%82%AC%22%2C%22color__price_description__text%22%3A%22rgb(0%2C%200%2C%200)%22%2C%22color__price_description__line%22%3A%22rgba(242%2C%20242%2C%20247%2C%201)%22%2C%22color__price__text%22%3A%22rgba(0%2C%200%2C%200%2C%201)%22%2C%22description%22%3A%22Convient%20aux%20personnes%20qui%20ont%20besoin%20d&#8217;un%20acc%C3%A8s%20quotidien%20%C3%A0%20Internet%22%2C%22color__description__text%22%3A%22rgb(0%2C%200%2C%200)%22%2C%22color__description__separator%22%3A%22rgb(90%2C%20155%2C%20213)%22%2C%22options%22%3A%22DEBIT%3A%5Cn5%20Mb%2Fs%20MONTANT%5Cn3%20Mb%2Fs%20DESCENDANT%5CnSUPPORT%20PRIORITAIRE%2024%2F7%22%2C%22color__options__text%22%3A%22rgb(0%2C%200%2C%200)%22%2C%22color__description__bg%22%3A%22rgba(255%2C%20255%2C%20255%2C%201)%22%2C%22color__table__border%22%3A%22rgba(242%2C%20242%2C%20247%2C%201)%22%2C%22icon%22%3A%22%22%2C%22add_button%22%3A%22true%22%2C%22link%22%3A%22url%3Ahttps%253A%252F%252Fwww.gosat-africa.com%252Findex.php%252Fproduit%252Fbox-and-30gb-package%252F%253Flang%253Dfr%7C%7C%7C%22%2C%22color__icon%22%3A%22rgb(52%2C%2064%2C%20158)%22%2C%22button_text%22%3A%22OBTENIR%20MAINTENANT%22%2C%22color__button__text%22%3A%22rgba(255%2C%20255%2C%20255%2C%201)%22%2C%22color__button__bg%22%3A%22rgb(90%2C%20155%2C%20213)%22%2C%22color__button__line%22%3A%22rgba(57%2C%2079%2C%20209%2C%200)%22%2C%22color__button__hover__text%22%3A%22rgba(255%2C%20255%2C%20255%2C%201)%22%2C%22color__button__hover__bg%22%3A%22rgb(249%2C%20135%2C%2042)%22%2C%22color__button__hover__line%22%3A%22rgba(255%2C%20200%2C%200%2C%200)%22%7D%2C%7B%22featured_label%22%3A%22Offre%20de%203%20mois%22%2C%22featured%22%3A%22true%22%2C%22color__featured_label__text%22%3A%22rgb(255%2C%20192%2C%200)%22%2C%22color__featured_label__bg%22%3A%22rgb(52%2C%2064%2C%20158)%22%2C%22title%22%3A%22BOX%20%2B%20FORFAIT%2050%20Go%22%2C%22color__title__text%22%3A%22rgb(255%2C%20255%2C%20255)%22%2C%22color__title__bg%22%3A%22rgb(90%2C%20155%2C%20213)%22%2C%22color__title__line%22%3A%22rgb(255%2C%20255%2C%20255)%22%2C%22price_description%22%3A%22Box%20%2B%20FORFAIT%2050%20Go%20pour%203%20mois%20(3%20x%2099.99%E2%82%AC)%22%2C%22price%22%3A%22479.99%22%2C%22coin%22%3A%22%E2%82%AC%22%2C%22color__price_description__text%22%3A%22rgb(0%2C%201%2C%205)%22%2C%22color__price_description__line%22%3A%22rgb(52%2C%2064%2C%20158)%22%2C%22color__price__text%22%3A%22rgb(0%2C%201%2C%205)%22%2C%22description%22%3A%22Parfait%20pour%20les%20familles%20%C3%A0%20la%20consommation%20de%20donn%C3%A9es%20%C3%A9lev%C3%A9e%22%2C%22color__description__text%22%3A%22rgb(0%2C%200%2C%200)%22%2C%22color__description__separator%22%3A%22rgb(90%2C%20155%2C%20213)%22%2C%22options%22%3A%22DEBIT%3A%5Cn20%20Mb%2Fs%20MONTANT%5Cn5%20Mb%2Fs%20DESCENDANT%5CnSUPPORT%20PRIORITAIRE%2024%2F7%22%2C%22color__options__text%22%3A%22rgb(0%2C%200%2C%200)%22%2C%22color__description__bg%22%3A%22rgb(242%2C%20244%2C%20247)%22%2C%22color__table__border%22%3A%22rgb(52%2C%2064%2C%20158)%22%2C%22icon%22%3A%22%22%2C%22add_button%22%3A%22true%22%2C%22link%22%3A%22url%3Ahttps%253A%252F%252Fwww.gosat-africa.com%252Findex.php%252Fproduit%252Fbox-and-50gb-package%252F%253Flang%253Dfr%7C%7C%7C%22%2C%22color__icon%22%3A%22rgb(52%2C%2064%2C%20158)%22%2C%22button_text%22%3A%22OBTENIR%20MAINTENANT%22%2C%22color__button__text%22%3A%22rgb(255%2C%20255%2C%20255)%22%2C%22color__button__bg%22%3A%22rgb(90%2C%20155%2C%20213)%22%2C%22color__button__line%22%3A%22rgba(57%2C%2079%2C%20209%2C%200)%22%2C%22color__button__hover__text%22%3A%22rgb(255%2C%20255%2C%20255)%22%2C%22color__button__hover__bg%22%3A%22rgb(249%2C%20135%2C%2042)%22%2C%22color__button__hover__line%22%3A%22rgba(57%2C%2079%2C%20209%2C%200)%22%7D%5D&#8221; animation=&#8221;&#8221; typography__label=&#8221;google&#8221; typography__label_size=&#8221;18&#8243; font__label=&#8221;font_family:Roboto%3A100%2C100italic%2C300%2C300italic%2Cregular%2Citalic%2C500%2C500italic%2C700%2C700italic%2C900%2C900italic|font_style:400%20regular%3A400%3Anormal&#8221; typography__title=&#8221;google&#8221; typography__title_size=&#8221;25&#8243; font__title=&#8221;font_family:Roboto%3A100%2C100italic%2C300%2C300italic%2Cregular%2Citalic%2C500%2C500italic%2C700%2C700italic%2C900%2C900italic|font_style:700%20bold%20regular%3A700%3Anormal&#8221; typography__price=&#8221;google&#8221; typography__price_size=&#8221;30&#8243; font__price=&#8221;font_family:Roboto%3A100%2C100italic%2C300%2C300italic%2Cregular%2Citalic%2C500%2C500italic%2C700%2C700italic%2C900%2C900italic|font_style:400%20regular%3A400%3Anormal&#8221; typography__price_description=&#8221;google&#8221; typography__price_description_size=&#8221;12&#8243; font__price_description=&#8221;font_family:Roboto%3A100%2C100italic%2C300%2C300italic%2Cregular%2Citalic%2C500%2C500italic%2C700%2C700italic%2C900%2C900italic|font_style:300%20light%20regular%3A300%3Anormal&#8221; typography__description=&#8221;google&#8221; typography__description_size=&#8221;16&#8243; typography__description_height=&#8221;130&#8243; font__description=&#8221;font_family:Roboto%3A100%2C100italic%2C300%2C300italic%2Cregular%2Citalic%2C500%2C500italic%2C700%2C700italic%2C900%2C900italic|font_style:300%20light%20regular%3A300%3Anormal&#8221; typography__options_list=&#8221;google&#8221; typography__options_list_size=&#8221;12&#8243; typography__options_list_height=&#8221;200&#8243; font__typography__options_list=&#8221;font_family:Roboto%3A100%2C100italic%2C300%2C300italic%2Cregular%2Citalic%2C500%2C500italic%2C700%2C700italic%2C900%2C900italic|font_style:300%20light%20regular%3A300%3Anormal&#8221; typography__button=&#8221;google&#8221; typography__button_size=&#8221;13&#8243; font__button=&#8221;font_family:Roboto%3A100%2C100italic%2C300%2C300italic%2Cregular%2Citalic%2C500%2C500italic%2C700%2C700italic%2C900%2C900italic|font_style:400%20regular%3A400%3Anormal&#8221; el_class=&#8221;&#8221; version=&#8221;1&#8243;][pt_ext__empty_space margin_lg=&#8221;50&#8243; margin_md=&#8221;50&#8243; margin_xs=&#8221;50&#8243; el_class=&#8221;&#8221; version=&#8221;1&#8243;][\/vc_column][\/vc_row][vc_row][vc_column extend=&#8221;false&#8221;][vc_zigzag color=&#8221;custom&#8221; custom_color=&#8221;#5a9bd5&#8243;][pt_ext__empty_space margin_lg=&#8221;50&#8243; margin_md=&#8221;50&#8243; margin_xs=&#8221;50&#8243; el_class=&#8221;&#8221; version=&#8221;1&#8243;][pt_ext__button button_text=&#8221;Voir les offres de connexion internet pour professionnels&#8221; icon=&#8221;&#8221; text__color=&#8221;rgb(255, 255, 255)&#8221; text__bg=&#8221;rgb(249, 135, 42)&#8221; text__border_color=&#8221;rgb(249, 135, 42)&#8221; text__color__hover=&#8221;rgba(255, 255, 255, 1)&#8221; text__bg__hover=&#8221;rgb(90, 155, 213)&#8221; text__border_color__hover=&#8221;rgb(90, 155, 213)&#8221; size=&#8221;normal&#8221; align=&#8221;center&#8221; border=&#8221;full-round&#8221; extra_shadow=&#8221;shadow&#8221; extra_gradient=&#8221;&#8221; extra_fullwidth=&#8221;&#8221; extra_show_icon_on_hover=&#8221;&#8221; extra_underline=&#8221;&#8221; extra_onclick=&#8221;&#8221; typo__button=&#8221;google&#8221; typo__button__font=&#8221;font_family:Montserrat%3Aregular%2C700|font_style:700%20regular%3A700%3Anormal&#8221; mediaquery_md=&#8221;&#8221; mediaquery_sm=&#8221;&#8221; mediaquery_xs=&#8221;&#8221; animation=&#8221;&#8221; settings__border_width=&#8221;&#8221; link=&#8221;url:https%3A%2F%2Fwww.gosat-africa.com%2Findex.php%2Fconnexion-internet-pour-professionnels%2F%3Flang%3Dfr|||&#8221; el_class=&#8221;&#8221; version=&#8221;1&#8243;][pt_ext__empty_space margin_lg=&#8221;50&#8243; margin_md=&#8221;50&#8243; margin_xs=&#8221;50&#8243;][pt_ext__button button_text=&#8221;Voir les Addons internet&#8221; icon=&#8221;&#8221; text__color=&#8221;rgb(255, 255, 255)&#8221; text__bg=&#8221;rgb(249, 135, 42)&#8221; text__border_color=&#8221;rgb(249, 135, 42)&#8221; text__color__hover=&#8221;rgba(255, 255, 255, 1)&#8221; text__bg__hover=&#8221;rgb(90, 155, 213)&#8221; text__border_color__hover=&#8221;rgb(90, 155, 213)&#8221; size=&#8221;normal&#8221; align=&#8221;center&#8221; border=&#8221;full-round&#8221; extra_shadow=&#8221;shadow&#8221; extra_gradient=&#8221;&#8221; extra_fullwidth=&#8221;&#8221; extra_show_icon_on_hover=&#8221;&#8221; extra_underline=&#8221;&#8221; extra_onclick=&#8221;&#8221; typo__button=&#8221;google&#8221; typo__button__font=&#8221;font_family:Montserrat%3Aregular%2C700|font_style:700%20regular%3A700%3Anormal&#8221; mediaquery_md=&#8221;&#8221; mediaquery_sm=&#8221;&#8221; mediaquery_xs=&#8221;&#8221; animation=&#8221;&#8221; settings__border_width=&#8221;&#8221; link=&#8221;url:https%3A%2F%2Fwww.gosat-africa.com%2Findex.php%2Finternet-connection-addons%2F|||&#8221; el_class=&#8221;&#8221; version=&#8221;1&#8243;][pt_ext__empty_space margin_lg=&#8221;50&#8243; margin_md=&#8221;50&#8243; margin_xs=&#8221;50&#8243; el_class=&#8221;&#8221; version=&#8221;1&#8243;][pt_ext__button button_text=&#8221;Voir toutes les offres de connexion internet&#8221; icon=&#8221;&#8221; text__color=&#8221;rgb(255, 255, 255)&#8221; text__bg=&#8221;rgb(249, 135, 42)&#8221; text__border_color=&#8221;rgb(249, 135, 42)&#8221; text__color__hover=&#8221;rgba(255, 255, 255, 1)&#8221; text__bg__hover=&#8221;rgb(90, 155, 213)&#8221; text__border_color__hover=&#8221;rgb(90, 155, 213)&#8221; size=&#8221;normal&#8221; align=&#8221;center&#8221; border=&#8221;full-round&#8221; extra_shadow=&#8221;shadow&#8221; extra_gradient=&#8221;&#8221; extra_fullwidth=&#8221;&#8221; extra_show_icon_on_hover=&#8221;&#8221; extra_underline=&#8221;&#8221; extra_onclick=&#8221;&#8221; typo__button=&#8221;google&#8221; typo__button__font=&#8221;font_family:Montserrat%3Aregular%2C700|font_style:700%20regular%3A700%3Anormal&#8221; mediaquery_md=&#8221;&#8221; mediaquery_sm=&#8221;&#8221; mediaquery_xs=&#8221;&#8221; animation=&#8221;&#8221; settings__border_width=&#8221;&#8221; link=&#8221;url:https%3A%2F%2Fwww.gosat-africa.com%2Findex.php%2Fconnexion-internet-par-satellite%2F%3Flang%3Dfr|||&#8221; el_class=&#8221;&#8221; version=&#8221;1&#8243;][pt_ext__empty_space margin_lg=&#8221;50&#8243; margin_md=&#8221;50&#8243; margin_xs=&#8221;50&#8243; el_class=&#8221;&#8221; version=&#8221;1&#8243;][\/vc_column][\/vc_row]<\/p>\n","protected":false},"excerpt":{"rendered":"<p>[vc_row][vc_column extend=&#8221;false&#8221;][vc_raw_html]JTNDaDIlMjBzdHlsZSUyMCUzRCUyMCUyMnRleHQtYWxpZ24lM0ElMjBjZW50ZXIlM0IlMjBjb2xvciUzQSUyMG9yYW5nZSUzQiUyMiUzRVRvdXRlcyUyMG5vcyUyMG9mZnJlcyUyMEdvU2F0JTIwQm94JTNDJTJGaDIlM0UlMEE=[\/vc_raw_html][vc_column_text]Chez GoSat, nous sommes conscients de l\u2019importance de fournir une connexion Internet pour particuliers dans le monde moderne. En cons\u00e9quence, nous avons d\u00e9cid\u00e9 de relever le d\u00e9fi de garantir un Internet rapide et fiable en Afrique. Ici vous pouvez trouver nos offres GoSat Box + Forfaits Internet. Il existe aujourd&#8217;hui autant de packs diff\u00e9rents [&hellip;]<\/p>\n","protected":false},"author":3,"featured_media":0,"parent":0,"menu_order":0,"comment_status":"closed","ping_status":"closed","template":"","meta":[],"yoast_head":"<!-- This site is optimized with the Yoast SEO plugin v15.2 - https:\/\/yoast.com\/wordpress\/plugins\/seo\/ -->\n<title>Box + Forfait<\/title>\n<meta name=\"robots\" content=\"index, follow, max-snippet:-1, max-image-preview:large, max-video-preview:-1\" \/>\n<link rel=\"canonical\" href=\"https:\/\/www.gosat-africa.com\/index.php\/box-package\/\" \/>\n<meta property=\"og:locale\" content=\"en_US\" \/>\n<meta property=\"og:type\" content=\"article\" \/>\n<meta property=\"og:title\" content=\"Box + Forfait\" \/>\n<meta property=\"og:description\" content=\"[vc_row][vc_column extend=&#8221;false&#8221;][vc_raw_html]JTNDaDIlMjBzdHlsZSUyMCUzRCUyMCUyMnRleHQtYWxpZ24lM0ElMjBjZW50ZXIlM0IlMjBjb2xvciUzQSUyMG9yYW5nZSUzQiUyMiUzRVRvdXRlcyUyMG5vcyUyMG9mZnJlcyUyMEdvU2F0JTIwQm94JTNDJTJGaDIlM0UlMEE=[\/vc_raw_html][vc_column_text]Chez GoSat, nous sommes conscients de l\u2019importance de fournir une connexion Internet pour particuliers dans le monde moderne. En cons\u00e9quence, nous avons d\u00e9cid\u00e9 de relever le d\u00e9fi de garantir un Internet rapide et fiable en Afrique. Ici vous pouvez trouver nos offres GoSat Box + Forfaits Internet. Il existe aujourd&#8217;hui autant de packs diff\u00e9rents [&hellip;]\" \/>\n<meta property=\"og:url\" content=\"https:\/\/www.gosat-africa.com\/index.php\/box-package\/\" \/>\n<meta property=\"og:site_name\" content=\"GoSat\" \/>\n<meta property=\"article:publisher\" content=\"https:\/\/www.facebook.com\/GosatCameroon\/\" \/>\n<meta property=\"article:modified_time\" content=\"2019-08-14T13:24:19+00:00\" \/>\n<meta name=\"twitter:card\" content=\"summary_large_image\" \/>\n<meta name=\"twitter:creator\" content=\"@gosatcameroon\" \/>\n<meta name=\"twitter:site\" content=\"@gosatcameroon\" \/>\n<meta name=\"twitter:label1\" value=\"Written by\">\n\t<meta name=\"twitter:data1\" value=\"\">\n\t<meta name=\"twitter:label2\" value=\"Est. reading time\">\n\t<meta name=\"twitter:data2\" value=\"8 minutes\">\n<script type=\"application\/ld+json\" class=\"yoast-schema-graph\">{\"@context\":\"https:\/\/schema.org\",\"@graph\":[{\"@type\":\"Organization\",\"@id\":\"http:\/\/www.gosat-africa.com\/#organization\",\"name\":\"GOSAT\",\"url\":\"http:\/\/www.gosat-africa.com\/\",\"sameAs\":[\"https:\/\/www.facebook.com\/GosatCameroon\/\",\"https:\/\/www.linkedin.com\/company\/afrikanet\/\",\"https:\/\/www.youtube.com\/channel\/UCmLC9kitSpujcbajdlF-xWw\",\"https:\/\/twitter.com\/gosatcameroon\"],\"logo\":{\"@type\":\"ImageObject\",\"@id\":\"http:\/\/www.gosat-africa.com\/#logo\",\"inLanguage\":\"en-US\",\"url\":\"https:\/\/www.gosat-africa.com\/wp-content\/uploads\/2018\/06\/logoGosat.png\",\"width\":261,\"height\":110,\"caption\":\"GOSAT\"},\"image\":{\"@id\":\"http:\/\/www.gosat-africa.com\/#logo\"}},{\"@type\":\"WebSite\",\"@id\":\"http:\/\/www.gosat-africa.com\/#website\",\"url\":\"http:\/\/www.gosat-africa.com\/\",\"name\":\"GoSat\",\"description\":\"Quality Internet Connection\",\"publisher\":{\"@id\":\"http:\/\/www.gosat-africa.com\/#organization\"},\"potentialAction\":[{\"@type\":\"SearchAction\",\"target\":\"http:\/\/www.gosat-africa.com\/?s={search_term_string}\",\"query-input\":\"required name=search_term_string\"}],\"inLanguage\":\"en-US\"},{\"@type\":\"WebPage\",\"@id\":\"https:\/\/www.gosat-africa.com\/index.php\/box-package\/#webpage\",\"url\":\"https:\/\/www.gosat-africa.com\/index.php\/box-package\/\",\"name\":\"Box + Forfait\",\"isPartOf\":{\"@id\":\"http:\/\/www.gosat-africa.com\/#website\"},\"datePublished\":\"2019-08-13T08:57:15+00:00\",\"dateModified\":\"2019-08-14T13:24:19+00:00\",\"breadcrumb\":{\"@id\":\"https:\/\/www.gosat-africa.com\/index.php\/box-package\/#breadcrumb\"},\"inLanguage\":\"en-US\",\"potentialAction\":[{\"@type\":\"ReadAction\",\"target\":[\"https:\/\/www.gosat-africa.com\/index.php\/box-package\/\"]}]},{\"@type\":\"BreadcrumbList\",\"@id\":\"https:\/\/www.gosat-africa.com\/index.php\/box-package\/#breadcrumb\",\"itemListElement\":[{\"@type\":\"ListItem\",\"position\":1,\"item\":{\"@type\":\"WebPage\",\"@id\":\"https:\/\/www.gosat-africa.com\/\",\"url\":\"https:\/\/www.gosat-africa.com\/\",\"name\":\"Home\"}},{\"@type\":\"ListItem\",\"position\":2,\"item\":{\"@type\":\"WebPage\",\"@id\":\"https:\/\/www.gosat-africa.com\/index.php\/box-package\/\",\"url\":\"https:\/\/www.gosat-africa.com\/index.php\/box-package\/\",\"name\":\"Box + Forfait\"}}]}]}<\/script>\n<!-- \/ Yoast SEO plugin. -->","_links":{"self":[{"href":"https:\/\/www.gosat-africa.com\/index.php\/wp-json\/wp\/v2\/pages\/5015"}],"collection":[{"href":"https:\/\/www.gosat-africa.com\/index.php\/wp-json\/wp\/v2\/pages"}],"about":[{"href":"https:\/\/www.gosat-africa.com\/index.php\/wp-json\/wp\/v2\/types\/page"}],"author":[{"embeddable":true,"href":"https:\/\/www.gosat-africa.com\/index.php\/wp-json\/wp\/v2\/users\/3"}],"replies":[{"embeddable":true,"href":"https:\/\/www.gosat-africa.com\/index.php\/wp-json\/wp\/v2\/comments?post=5015"}],"version-history":[{"count":0,"href":"https:\/\/www.gosat-africa.com\/index.php\/wp-json\/wp\/v2\/pages\/5015\/revisions"}],"wp:attachment":[{"href":"https:\/\/www.gosat-africa.com\/index.php\/wp-json\/wp\/v2\/media?parent=5015"}],"curies":[{"name":"wp","href":"https:\/\/api.w.org\/{rel}","templated":true}]}}